{"id":766,"date":"2017-06-07T18:04:45","date_gmt":"2017-06-07T16:04:45","guid":{"rendered":"https:\/\/www.irht.fr\/comprendre-en\/cest-quoi-lirht\/tulipes-a-coeur\/"},"modified":"2017-07-03T17:39:06","modified_gmt":"2017-07-03T15:39:06","slug":"tulipes-a-coeur","status":"publish","type":"page","link":"https:\/\/www.irht.fr\/en\/understand\/irht\/tulipes-a-coeur\/","title":{"rendered":"Operation \u00ab Tulipes \u00e0 C\u0153ur \u00bb"},"content":{"rendered":"<p><img decoding=\"async\" src=\"https:\/\/www.irht.fr\/wp-inside\/uploads\/2017\/06\/Affiche-tulipes-460x690.jpg\" alt=\"Tulipes \u00e0 c\u0153ur, Lutte contre Leuc\u00e9mie et Infarctus du Myocarde\" class=\"aligncenter size-large\" \/><\/p>\n<p>Since 1990, the tulip sale organized every spring by the Institute is <strong>financing between 25% and 30% of its annual budget<\/strong>.<\/p>\n<p>This adventure starts when the IRHT was faced with a lack of financial resources. Professor Philippe H\u00e9non then had the idea to ask a group of tradespeople of Mulhouse to donate a small percentage of their turnover to help him continue his work. It was refused but the chairman of this group suggested contacting the Cora Wittenheim a well-known hypermarket of France.<\/p>\n<p>In fact, at this time, Philippe Malandin, director of Cora, proposed selling 2000 bunches of tulips during 3 days to the benefit of the IRHT in his hypermarket.<\/p>\n<p>Philippe H\u00e9non, somewhat disappointed by this proposal, far below what he hoped, planned to extend this sale of tulips to the entire department of the Haut-Rhin, with the help of Cora, which was enthusiastically accepted Mr. Malandin. A plan of action was set up in few weeks, and for this first year <strong>15,200 bouquets were sold<\/strong>.<\/p>\n<p>Pomona, a distribution company, now controls the supply and distribution of bouquets (between 45,000 and 52,000 according to the year) with more than 1,200 volunteers whose work cannot be overemphasized. The bouquets are sold in the Mulhouse area, Colmar area, Sundgau (south of Alsace), Belfort and Montb\u00e9liard.<\/p>\n<p>You too, become a volunteer &#8230;.<\/p>\n<p>Every year, we are looking for people ready to give a few hours to sell our bouquets of tulips. If you are interested in helping the Mulhouse research, please, don\u2019t hesitate to <a href=\"https:\/\/www.irht.fr\/en\/participate\/take-part\/become-volunteer\/\">contact us<\/a>.<\/p>\n<p><strong>&#8220;Operation Tulipes \u00e0 Coeur&#8221; has collected a total of 2,645,000 \u20ac in 20 years.<\/strong><\/p>\n","protected":false},"excerpt":{"rendered":"<p>Depuis plus de 20 ans, la vente de tulipes organis\u00e9e chaque printemps par l\u2019IRHT, permet de financer 25-30 % de son budget de fonctionnement ! Devenez b\u00e9n\u00e9vole !<\/p>\n","protected":false},"author":2,"featured_media":10888,"parent":340,"menu_order":30,"comment_status":"closed","ping_status":"closed","template":"","meta":{"_acf_changed":false,"footnotes":""},"class_list":["post-766","page","type-page","status-publish","has-post-thumbnail","hentry","wp-sticky"],"acf":[],"yoast_head":"<!-- This site is optimized with the Yoast SEO plugin v27.4 - https:\/\/yoast.com\/product\/yoast-seo-wordpress\/ -->\n<title>Operation \u00ab Tulipes \u00e0 C\u0153ur \u00bb<\/title>\n<meta name=\"robots\" content=\"index, follow, max-snippet:-1, max-image-preview:large, max-video-preview:-1\" \/>\n<link rel=\"canonical\" href=\"https:\/\/www.irht.fr\/en\/understand\/irht\/tulipes-a-coeur\/\" \/>\n<meta property=\"og:locale\" content=\"en_US\" \/>\n<meta property=\"og:type\" content=\"article\" \/>\n<meta property=\"og:title\" content=\"Operation \u00ab Tulipes \u00e0 C\u0153ur \u00bb\" \/>\n<meta property=\"og:description\" content=\"Depuis plus de 20 ans, la vente de tulipes organis\u00e9e chaque printemps par l\u2019IRHT, permet de financer 25-30 % de son budget de fonctionnement ! Devenez b\u00e9n\u00e9vole !\" \/>\n<meta property=\"og:url\" content=\"https:\/\/www.irht.fr\/en\/understand\/irht\/tulipes-a-coeur\/\" \/>\n<meta property=\"og:site_name\" content=\"IRHT\" \/>\n<meta property=\"article:modified_time\" content=\"2017-07-03T15:39:06+00:00\" \/>\n<meta property=\"og:image\" content=\"https:\/\/www.irht.fr\/wp-inside\/uploads\/2017\/06\/Affiche-tulipes-460x690.jpg\" \/>\n<meta name=\"twitter:card\" content=\"summary_large_image\" \/>\n<meta name=\"twitter:label1\" content=\"Est. reading time\" \/>\n\t<meta name=\"twitter:data1\" content=\"1 minute\" \/>\n<script type=\"application\/ld+json\" class=\"yoast-schema-graph\">{\"@context\":\"https:\\\/\\\/schema.org\",\"@graph\":[{\"@type\":\"WebPage\",\"@id\":\"https:\\\/\\\/www.irht.fr\\\/en\\\/understand\\\/irht\\\/tulipes-a-coeur\\\/\",\"url\":\"https:\\\/\\\/www.irht.fr\\\/en\\\/understand\\\/irht\\\/tulipes-a-coeur\\\/\",\"name\":\"Operation \u00ab Tulipes \u00e0 C\u0153ur \u00bb\",\"isPartOf\":{\"@id\":\"https:\\\/\\\/www.irht.fr\\\/en\\\/#website\"},\"primaryImageOfPage\":{\"@id\":\"https:\\\/\\\/www.irht.fr\\\/en\\\/understand\\\/irht\\\/tulipes-a-coeur\\\/#primaryimage\"},\"image\":{\"@id\":\"https:\\\/\\\/www.irht.fr\\\/en\\\/understand\\\/irht\\\/tulipes-a-coeur\\\/#primaryimage\"},\"thumbnailUrl\":\"https:\\\/\\\/www.irht.fr\\\/wp-inside\\\/uploads\\\/2020\\\/01\\\/IMG_20190303_103630.jpg\",\"datePublished\":\"2017-06-07T16:04:45+00:00\",\"dateModified\":\"2017-07-03T15:39:06+00:00\",\"breadcrumb\":{\"@id\":\"https:\\\/\\\/www.irht.fr\\\/en\\\/understand\\\/irht\\\/tulipes-a-coeur\\\/#breadcrumb\"},\"inLanguage\":\"en-US\",\"potentialAction\":[{\"@type\":\"ReadAction\",\"target\":[\"https:\\\/\\\/www.irht.fr\\\/en\\\/understand\\\/irht\\\/tulipes-a-coeur\\\/\"]}]},{\"@type\":\"ImageObject\",\"inLanguage\":\"en-US\",\"@id\":\"https:\\\/\\\/www.irht.fr\\\/en\\\/understand\\\/irht\\\/tulipes-a-coeur\\\/#primaryimage\",\"url\":\"https:\\\/\\\/www.irht.fr\\\/wp-inside\\\/uploads\\\/2020\\\/01\\\/IMG_20190303_103630.jpg\",\"contentUrl\":\"https:\\\/\\\/www.irht.fr\\\/wp-inside\\\/uploads\\\/2020\\\/01\\\/IMG_20190303_103630.jpg\",\"width\":1920,\"height\":2560,\"caption\":\"dav\"},{\"@type\":\"BreadcrumbList\",\"@id\":\"https:\\\/\\\/www.irht.fr\\\/en\\\/understand\\\/irht\\\/tulipes-a-coeur\\\/#breadcrumb\",\"itemListElement\":[{\"@type\":\"ListItem\",\"position\":1,\"name\":\"Home\",\"item\":\"https:\\\/\\\/www.irht.fr\\\/en\\\/\"},{\"@type\":\"ListItem\",\"position\":2,\"name\":\"Understand\",\"item\":\"https:\\\/\\\/www.irht.fr\\\/en\\\/understand\\\/\"},{\"@type\":\"ListItem\",\"position\":3,\"name\":\"Who are we?\",\"item\":\"https:\\\/\\\/www.irht.fr\\\/en\\\/understand\\\/irht\\\/\"},{\"@type\":\"ListItem\",\"position\":4,\"name\":\"Operation \u00ab Tulipes \u00e0 C\u0153ur \u00bb\"}]},{\"@type\":\"WebSite\",\"@id\":\"https:\\\/\\\/www.irht.fr\\\/en\\\/#website\",\"url\":\"https:\\\/\\\/www.irht.fr\\\/en\\\/\",\"name\":\"IRHT\",\"description\":\"Institute of Research in Hematology and Transplantation\",\"potentialAction\":[{\"@type\":\"SearchAction\",\"target\":{\"@type\":\"EntryPoint\",\"urlTemplate\":\"https:\\\/\\\/www.irht.fr\\\/en\\\/?s={search_term_string}\"},\"query-input\":{\"@type\":\"PropertyValueSpecification\",\"valueRequired\":true,\"valueName\":\"search_term_string\"}}],\"inLanguage\":\"en-US\"}]}<\/script>\n<!-- \/ Yoast SEO plugin. -->","yoast_head_json":{"title":"Operation \u00ab Tulipes \u00e0 C\u0153ur \u00bb","robots":{"index":"index","follow":"follow","max-snippet":"max-snippet:-1","max-image-preview":"max-image-preview:large","max-video-preview":"max-video-preview:-1"},"canonical":"https:\/\/www.irht.fr\/en\/understand\/irht\/tulipes-a-coeur\/","og_locale":"en_US","og_type":"article","og_title":"Operation \u00ab Tulipes \u00e0 C\u0153ur \u00bb","og_description":"Depuis plus de 20 ans, la vente de tulipes organis\u00e9e chaque printemps par l\u2019IRHT, permet de financer 25-30 % de son budget de fonctionnement ! Devenez b\u00e9n\u00e9vole !","og_url":"https:\/\/www.irht.fr\/en\/understand\/irht\/tulipes-a-coeur\/","og_site_name":"IRHT","article_modified_time":"2017-07-03T15:39:06+00:00","og_image":[{"url":"https:\/\/www.irht.fr\/wp-inside\/uploads\/2017\/06\/Affiche-tulipes-460x690.jpg","type":"","width":"","height":""}],"twitter_card":"summary_large_image","twitter_misc":{"Est. reading time":"1 minute"},"schema":{"@context":"https:\/\/schema.org","@graph":[{"@type":"WebPage","@id":"https:\/\/www.irht.fr\/en\/understand\/irht\/tulipes-a-coeur\/","url":"https:\/\/www.irht.fr\/en\/understand\/irht\/tulipes-a-coeur\/","name":"Operation \u00ab Tulipes \u00e0 C\u0153ur \u00bb","isPartOf":{"@id":"https:\/\/www.irht.fr\/en\/#website"},"primaryImageOfPage":{"@id":"https:\/\/www.irht.fr\/en\/understand\/irht\/tulipes-a-coeur\/#primaryimage"},"image":{"@id":"https:\/\/www.irht.fr\/en\/understand\/irht\/tulipes-a-coeur\/#primaryimage"},"thumbnailUrl":"https:\/\/www.irht.fr\/wp-inside\/uploads\/2020\/01\/IMG_20190303_103630.jpg","datePublished":"2017-06-07T16:04:45+00:00","dateModified":"2017-07-03T15:39:06+00:00","breadcrumb":{"@id":"https:\/\/www.irht.fr\/en\/understand\/irht\/tulipes-a-coeur\/#breadcrumb"},"inLanguage":"en-US","potentialAction":[{"@type":"ReadAction","target":["https:\/\/www.irht.fr\/en\/understand\/irht\/tulipes-a-coeur\/"]}]},{"@type":"ImageObject","inLanguage":"en-US","@id":"https:\/\/www.irht.fr\/en\/understand\/irht\/tulipes-a-coeur\/#primaryimage","url":"https:\/\/www.irht.fr\/wp-inside\/uploads\/2020\/01\/IMG_20190303_103630.jpg","contentUrl":"https:\/\/www.irht.fr\/wp-inside\/uploads\/2020\/01\/IMG_20190303_103630.jpg","width":1920,"height":2560,"caption":"dav"},{"@type":"BreadcrumbList","@id":"https:\/\/www.irht.fr\/en\/understand\/irht\/tulipes-a-coeur\/#breadcrumb","itemListElement":[{"@type":"ListItem","position":1,"name":"Home","item":"https:\/\/www.irht.fr\/en\/"},{"@type":"ListItem","position":2,"name":"Understand","item":"https:\/\/www.irht.fr\/en\/understand\/"},{"@type":"ListItem","position":3,"name":"Who are we?","item":"https:\/\/www.irht.fr\/en\/understand\/irht\/"},{"@type":"ListItem","position":4,"name":"Operation \u00ab Tulipes \u00e0 C\u0153ur \u00bb"}]},{"@type":"WebSite","@id":"https:\/\/www.irht.fr\/en\/#website","url":"https:\/\/www.irht.fr\/en\/","name":"IRHT","description":"Institute of Research in Hematology and Transplantation","potentialAction":[{"@type":"SearchAction","target":{"@type":"EntryPoint","urlTemplate":"https:\/\/www.irht.fr\/en\/?s={search_term_string}"},"query-input":{"@type":"PropertyValueSpecification","valueRequired":true,"valueName":"search_term_string"}}],"inLanguage":"en-US"}]}},"_links":{"self":[{"href":"https:\/\/www.irht.fr\/en\/wp-json\/wp\/v2\/pages\/766","targetHints":{"allow":["GET"]}}],"collection":[{"href":"https:\/\/www.irht.fr\/en\/wp-json\/wp\/v2\/pages"}],"about":[{"href":"https:\/\/www.irht.fr\/en\/wp-json\/wp\/v2\/types\/page"}],"author":[{"embeddable":true,"href":"https:\/\/www.irht.fr\/en\/wp-json\/wp\/v2\/users\/2"}],"replies":[{"embeddable":true,"href":"https:\/\/www.irht.fr\/en\/wp-json\/wp\/v2\/comments?post=766"}],"version-history":[{"count":0,"href":"https:\/\/www.irht.fr\/en\/wp-json\/wp\/v2\/pages\/766\/revisions"}],"up":[{"embeddable":true,"href":"https:\/\/www.irht.fr\/en\/wp-json\/wp\/v2\/pages\/340"}],"wp:featuredmedia":[{"embeddable":true,"href":"https:\/\/www.irht.fr\/en\/wp-json\/wp\/v2\/media\/10888"}],"wp:attachment":[{"href":"https:\/\/www.irht.fr\/en\/wp-json\/wp\/v2\/media?parent=766"}],"curies":[{"name":"wp","href":"https:\/\/api.w.org\/{rel}","templated":true}]}}