{"id":754,"date":"2017-06-07T17:55:05","date_gmt":"2017-06-07T15:55:05","guid":{"rendered":"https:\/\/www.irht.fr\/?page_id=754\/"},"modified":"2017-07-12T10:52:37","modified_gmt":"2017-07-12T08:52:37","slug":"board-of-directors","status":"publish","type":"page","link":"https:\/\/www.irht.fr\/en\/understand\/irht\/about-association\/board-of-directors\/","title":{"rendered":"The board of directors"},"content":{"rendered":"<p>Like any association, a board of directors oversees and validates the management and research conducted by the IRHT. Moreover, IRHTs management is transparent and freely available.<\/p>\n<p>The IRHT Board of Direction comprises 14 members with a term of office of six years. The IRHT Director participates in the Board of directors as a non-member invited.<\/p>\n","protected":false},"excerpt":{"rendered":"<p>Like any association, a board of directors oversees and validates the management and research conducted by the IRHT. Moreover, IRHTs management is transparent and freely available. The IRHT Board of [&hellip;]<\/p>\n","protected":false},"author":2,"featured_media":0,"parent":342,"menu_order":20,"comment_status":"closed","ping_status":"closed","template":"template-members.php","meta":{"_acf_changed":false,"footnotes":""},"class_list":["post-754","page","type-page","status-publish","hentry","wp-sticky"],"acf":[],"yoast_head":"<!-- This site is optimized with the Yoast SEO plugin v27.5 - https:\/\/yoast.com\/product\/yoast-seo-wordpress\/ -->\n<title>The board of directors<\/title>\n<meta name=\"description\" content=\"Les recherches men\u00e9es par l\u2019IRHT sont surveill\u00e9es et valid\u00e9es par un conseil d&#039;administration, ce qui rend sa gestion transparente et disponible \u00e0 tous.\" \/>\n<meta name=\"robots\" content=\"index, follow, max-snippet:-1, max-image-preview:large, max-video-preview:-1\" \/>\n<link rel=\"canonical\" href=\"https:\/\/www.irht.fr\/en\/understand\/irht\/about-association\/board-of-directors\/\" \/>\n<meta property=\"og:locale\" content=\"en_US\" \/>\n<meta property=\"og:type\" content=\"article\" \/>\n<meta property=\"og:title\" content=\"The board of directors\" \/>\n<meta property=\"og:description\" content=\"Les recherches men\u00e9es par l\u2019IRHT sont surveill\u00e9es et valid\u00e9es par un conseil d&#039;administration, ce qui rend sa gestion transparente et disponible \u00e0 tous.\" \/>\n<meta property=\"og:url\" content=\"https:\/\/www.irht.fr\/en\/understand\/irht\/about-association\/board-of-directors\/\" \/>\n<meta property=\"og:site_name\" content=\"IRHT\" \/>\n<meta property=\"article:modified_time\" content=\"2017-07-12T08:52:37+00:00\" \/>\n<meta name=\"twitter:card\" content=\"summary_large_image\" \/>\n<script type=\"application\/ld+json\" class=\"yoast-schema-graph\">{\"@context\":\"https:\\\/\\\/schema.org\",\"@graph\":[{\"@type\":\"WebPage\",\"@id\":\"https:\\\/\\\/www.irht.fr\\\/en\\\/understand\\\/irht\\\/about-association\\\/board-of-directors\\\/\",\"url\":\"https:\\\/\\\/www.irht.fr\\\/en\\\/understand\\\/irht\\\/about-association\\\/board-of-directors\\\/\",\"name\":\"The board of directors\",\"isPartOf\":{\"@id\":\"https:\\\/\\\/www.irht.fr\\\/en\\\/#website\"},\"datePublished\":\"2017-06-07T15:55:05+00:00\",\"dateModified\":\"2017-07-12T08:52:37+00:00\",\"description\":\"Les recherches men\u00e9es par l\u2019IRHT sont surveill\u00e9es et valid\u00e9es par un conseil d'administration, ce qui rend sa gestion transparente et disponible \u00e0 tous.\",\"breadcrumb\":{\"@id\":\"https:\\\/\\\/www.irht.fr\\\/en\\\/understand\\\/irht\\\/about-association\\\/board-of-directors\\\/#breadcrumb\"},\"inLanguage\":\"en-US\",\"potentialAction\":[{\"@type\":\"ReadAction\",\"target\":[\"https:\\\/\\\/www.irht.fr\\\/en\\\/understand\\\/irht\\\/about-association\\\/board-of-directors\\\/\"]}]},{\"@type\":\"BreadcrumbList\",\"@id\":\"https:\\\/\\\/www.irht.fr\\\/en\\\/understand\\\/irht\\\/about-association\\\/board-of-directors\\\/#breadcrumb\",\"itemListElement\":[{\"@type\":\"ListItem\",\"position\":1,\"name\":\"Home\",\"item\":\"https:\\\/\\\/www.irht.fr\\\/en\\\/\"},{\"@type\":\"ListItem\",\"position\":2,\"name\":\"Understand\",\"item\":\"https:\\\/\\\/www.irht.fr\\\/en\\\/understand\\\/\"},{\"@type\":\"ListItem\",\"position\":3,\"name\":\"Who are we?\",\"item\":\"https:\\\/\\\/www.irht.fr\\\/en\\\/understand\\\/irht\\\/\"},{\"@type\":\"ListItem\",\"position\":4,\"name\":\"About the IRHT association\",\"item\":\"https:\\\/\\\/www.irht.fr\\\/en\\\/understand\\\/irht\\\/about-association\\\/\"},{\"@type\":\"ListItem\",\"position\":5,\"name\":\"The board of directors\"}]},{\"@type\":\"WebSite\",\"@id\":\"https:\\\/\\\/www.irht.fr\\\/en\\\/#website\",\"url\":\"https:\\\/\\\/www.irht.fr\\\/en\\\/\",\"name\":\"IRHT\",\"description\":\"Institute of Research in Hematology and Transplantation\",\"potentialAction\":[{\"@type\":\"SearchAction\",\"target\":{\"@type\":\"EntryPoint\",\"urlTemplate\":\"https:\\\/\\\/www.irht.fr\\\/en\\\/?s={search_term_string}\"},\"query-input\":{\"@type\":\"PropertyValueSpecification\",\"valueRequired\":true,\"valueName\":\"search_term_string\"}}],\"inLanguage\":\"en-US\"}]}<\/script>\n<!-- \/ Yoast SEO plugin. -->","yoast_head_json":{"title":"The board of directors","description":"Les recherches men\u00e9es par l\u2019IRHT sont surveill\u00e9es et valid\u00e9es par un conseil d'administration, ce qui rend sa gestion transparente et disponible \u00e0 tous.","robots":{"index":"index","follow":"follow","max-snippet":"max-snippet:-1","max-image-preview":"max-image-preview:large","max-video-preview":"max-video-preview:-1"},"canonical":"https:\/\/www.irht.fr\/en\/understand\/irht\/about-association\/board-of-directors\/","og_locale":"en_US","og_type":"article","og_title":"The board of directors","og_description":"Les recherches men\u00e9es par l\u2019IRHT sont surveill\u00e9es et valid\u00e9es par un conseil d'administration, ce qui rend sa gestion transparente et disponible \u00e0 tous.","og_url":"https:\/\/www.irht.fr\/en\/understand\/irht\/about-association\/board-of-directors\/","og_site_name":"IRHT","article_modified_time":"2017-07-12T08:52:37+00:00","twitter_card":"summary_large_image","schema":{"@context":"https:\/\/schema.org","@graph":[{"@type":"WebPage","@id":"https:\/\/www.irht.fr\/en\/understand\/irht\/about-association\/board-of-directors\/","url":"https:\/\/www.irht.fr\/en\/understand\/irht\/about-association\/board-of-directors\/","name":"The board of directors","isPartOf":{"@id":"https:\/\/www.irht.fr\/en\/#website"},"datePublished":"2017-06-07T15:55:05+00:00","dateModified":"2017-07-12T08:52:37+00:00","description":"Les recherches men\u00e9es par l\u2019IRHT sont surveill\u00e9es et valid\u00e9es par un conseil d'administration, ce qui rend sa gestion transparente et disponible \u00e0 tous.","breadcrumb":{"@id":"https:\/\/www.irht.fr\/en\/understand\/irht\/about-association\/board-of-directors\/#breadcrumb"},"inLanguage":"en-US","potentialAction":[{"@type":"ReadAction","target":["https:\/\/www.irht.fr\/en\/understand\/irht\/about-association\/board-of-directors\/"]}]},{"@type":"BreadcrumbList","@id":"https:\/\/www.irht.fr\/en\/understand\/irht\/about-association\/board-of-directors\/#breadcrumb","itemListElement":[{"@type":"ListItem","position":1,"name":"Home","item":"https:\/\/www.irht.fr\/en\/"},{"@type":"ListItem","position":2,"name":"Understand","item":"https:\/\/www.irht.fr\/en\/understand\/"},{"@type":"ListItem","position":3,"name":"Who are we?","item":"https:\/\/www.irht.fr\/en\/understand\/irht\/"},{"@type":"ListItem","position":4,"name":"About the IRHT association","item":"https:\/\/www.irht.fr\/en\/understand\/irht\/about-association\/"},{"@type":"ListItem","position":5,"name":"The board of directors"}]},{"@type":"WebSite","@id":"https:\/\/www.irht.fr\/en\/#website","url":"https:\/\/www.irht.fr\/en\/","name":"IRHT","description":"Institute of Research in Hematology and Transplantation","potentialAction":[{"@type":"SearchAction","target":{"@type":"EntryPoint","urlTemplate":"https:\/\/www.irht.fr\/en\/?s={search_term_string}"},"query-input":{"@type":"PropertyValueSpecification","valueRequired":true,"valueName":"search_term_string"}}],"inLanguage":"en-US"}]}},"_links":{"self":[{"href":"https:\/\/www.irht.fr\/en\/wp-json\/wp\/v2\/pages\/754","targetHints":{"allow":["GET"]}}],"collection":[{"href":"https:\/\/www.irht.fr\/en\/wp-json\/wp\/v2\/pages"}],"about":[{"href":"https:\/\/www.irht.fr\/en\/wp-json\/wp\/v2\/types\/page"}],"author":[{"embeddable":true,"href":"https:\/\/www.irht.fr\/en\/wp-json\/wp\/v2\/users\/2"}],"replies":[{"embeddable":true,"href":"https:\/\/www.irht.fr\/en\/wp-json\/wp\/v2\/comments?post=754"}],"version-history":[{"count":0,"href":"https:\/\/www.irht.fr\/en\/wp-json\/wp\/v2\/pages\/754\/revisions"}],"up":[{"embeddable":true,"href":"https:\/\/www.irht.fr\/en\/wp-json\/wp\/v2\/pages\/342"}],"wp:attachment":[{"href":"https:\/\/www.irht.fr\/en\/wp-json\/wp\/v2\/media?parent=754"}],"curies":[{"name":"wp","href":"https:\/\/api.w.org\/{rel}","templated":true}]}}