{"id":452,"date":"2017-01-23T18:28:59","date_gmt":"2017-01-23T17:28:59","guid":{"rendered":"https:\/\/www.irht.fr\/participer\/aider\/devenir-benevole\/"},"modified":"2017-07-20T11:04:02","modified_gmt":"2017-07-20T09:04:02","slug":"become-volunteer","status":"publish","type":"page","link":"https:\/\/www.irht.fr\/en\/participate\/take-part\/become-volunteer\/","title":{"rendered":"Become a volunteer"},"content":{"rendered":"<p><img decoding=\"async\" src=\"https:\/\/www.irht.fr\/wp-inside\/uploads\/2017\/01\/1zlv9p6g53xnsud-690x518.jpg\" alt=\"B\u00e9n\u00e9voles, Tulipes \u00e0 c\u0153ur\" class=\"aligncenter size-large\" \/>You can <strong>join us and our 1200 volunteers<\/strong> in the great adventure of our &#8220;Tulipes \u00e0 C\u0153ur&#8221; operation.<\/p>\n<p>Everyone can participate in their own way and according to its means.<br \/>\nIf you&#8217;re ready, you&#8217;re just a few clicks away from success&#8230;<\/p>\n<h2>Join us<\/h2>\n\n<div class=\"wpcf7 no-js\" id=\"wpcf7-f897-o1\" lang=\"fr-FR\" dir=\"ltr\" data-wpcf7-id=\"897\">\n<div class=\"screen-reader-response\"><p role=\"status\" aria-live=\"polite\" aria-atomic=\"true\"><\/p> <ul><\/ul><\/div>\n<form action=\"\/en\/wp-json\/wp\/v2\/pages\/452#wpcf7-f897-o1\" method=\"post\" class=\"wpcf7-form init\" aria-label=\"Formulaire de contact\" novalidate=\"novalidate\" data-status=\"init\">\n<fieldset class=\"hidden-fields-container\"><input type=\"hidden\" name=\"_wpcf7\" value=\"897\" \/><input type=\"hidden\" name=\"_wpcf7_version\" value=\"6.1.5\" \/><input type=\"hidden\" name=\"_wpcf7_locale\" value=\"fr_FR\" \/><input type=\"hidden\" name=\"_wpcf7_unit_tag\" value=\"wpcf7-f897-o1\" \/><input type=\"hidden\" name=\"_wpcf7_container_post\" value=\"0\" \/><input type=\"hidden\" name=\"_wpcf7_posted_data_hash\" value=\"\" \/>\n<\/fieldset>\n<div class=\"row small-up-1 medium-up-2\">\n<div class=\"column\">\n<label for=\"nom\">Last name*<\/label><span class=\"wpcf7-form-control-wrap\" data-name=\"nom\"><input size=\"40\" maxlength=\"400\" class=\"wpcf7-form-control wpcf7-text wpcf7-validates-as-required\" id=\"nom\" aria-required=\"true\" aria-invalid=\"false\" value=\"\" type=\"text\" name=\"nom\" \/><\/span>\n<\/div>\n\n<div class=\"column\">\n<label for=\"prenom\">First name*<\/label><span class=\"wpcf7-form-control-wrap\" data-name=\"prenom\"><input size=\"40\" maxlength=\"400\" class=\"wpcf7-form-control wpcf7-text wpcf7-validates-as-required\" id=\"prenom\" aria-required=\"true\" aria-invalid=\"false\" value=\"\" type=\"text\" name=\"prenom\" \/><\/span>\n<\/div>\n<\/div>\n\n<div class=\"row small-up-1 medium-up-2\">\n<div class=\"column\">\n<label for=\"email\">Email*<\/label><span class=\"wpcf7-form-control-wrap\" data-name=\"email\"><input size=\"40\" maxlength=\"400\" class=\"wpcf7-form-control wpcf7-email wpcf7-validates-as-required wpcf7-text wpcf7-validates-as-email\" id=\"email\" aria-required=\"true\" aria-invalid=\"false\" value=\"\" type=\"email\" name=\"email\" \/><\/span>\n<\/div>\n\n<div class=\"column\">\n<label for=\"telephone\">Phone<\/label><span class=\"wpcf7-form-control-wrap\" data-name=\"telephone\"><input size=\"40\" maxlength=\"400\" class=\"wpcf7-form-control wpcf7-text\" id=\"telephone\" aria-invalid=\"false\" value=\"\" type=\"text\" name=\"telephone\" \/><\/span>\n<\/div>\n<\/div>\n<span id=\"wpcf7-69e4b09132d44-wrapper\" class=\"wpcf7-form-control-wrap website-wrap\" ><input type=\"hidden\" name=\"website-time-start\" value=\"1776595089\"><input type=\"hidden\" name=\"website-time-check\" value=\"10\"><label for=\"wpcf7-69e4b09132d44-field\" class=\"hp-message\">Veuillez laisser ce champ vide.<\/label><input id=\"wpcf7-69e4b09132d44-field\"  class=\"wpcf7-form-control wpcf7-text\" type=\"text\" name=\"website\" value=\"\" size=\"40\" tabindex=\"-1\" autocomplete=\"new-password\" \/><\/span>\n<div class=\"row\">\n<div class=\"large-12 columns\">\n<label for=\"message\">Message<\/label><span class=\"wpcf7-form-control-wrap\" data-name=\"message\"><textarea cols=\"40\" rows=\"10\" maxlength=\"2000\" class=\"wpcf7-form-control wpcf7-textarea\" id=\"message\" aria-invalid=\"false\" name=\"message\"><\/textarea><\/span>\n<\/div>\n<\/div>\n\n<div class=\"row\">\n\t<div class=\"large-12 columns\">\n\t\t<label>\n\t\t<span class=\"wpcf7-form-control-wrap\" data-name=\"rgpd\"><span class=\"wpcf7-form-control wpcf7-checkbox wpcf7-validates-as-required\"><span class=\"wpcf7-list-item first last\"><label><input type=\"checkbox\" name=\"rgpd[]\" value=\"By sending this form, I agree to be contacted following my volunteering proposal.*\" \/><span class=\"wpcf7-list-item-label\">By sending this form, I agree to be contacted following my volunteering proposal.*<\/span><\/label><\/span><\/span><\/span>\n\t\t<\/label>\n\t<\/div>\n<\/div>\n\n<div class=\"row small-up-1 medium-up-2\">\n<div class=\"column\">\n<div class=\"wpcf7-turnstile cf-turnstile\" data-sitekey=\"0x4AAAAAACFmNLCOqyOXPgL5\" data-response-field-name=\"_wpcf7_turnstile_response\"><\/div>\n<\/div>\n\n<div class=\"column\" style=\"text-align: right;\">\n<input class=\"wpcf7-form-control wpcf7-submit has-spinner\" type=\"submit\" value=\"Send\" \/>\n<\/div>\n<\/div>\n\n<p class=\"required\">*Required fields<\/p>\n\n<div class=\"row\">\n\t<div class=\"large-12 columns\">\n\t\t<div class=\"formsite-legaltxt\">\n\t\t\t<p>The information collected on this form are temporary stored for 12 months by IRHT for the management of the volunteers. They are intended for IRHT use only. In accordance with the European \"Data Protection Act\", you can exercise your right of access to your data and rectify it by contacting IRHT via the <a href=\"https:\/\/www.irht.fr\/en\/contact\/\" target=\"_blank\" rel=\"noopener\">contact form<\/a> or directly to the following address: IRHT - Hasenrain Hospital - 87 avenue Altkirch - 68100 Mulhouse (France).<\/p>\n\t\t\t<p><a target=\"_blank\" rel=\"noopener\" href=\"https:\/\/www.irht.fr\/en\/legal-notice\/\">Learn more about our privacy policy<\/a><\/p>\n\t\t<\/div>\n\t<\/div>\n<\/div><div class=\"wpcf7-response-output\" aria-hidden=\"true\"><\/div>\n<\/form>\n<\/div>\n\n","protected":false},"excerpt":{"rendered":"<p>You can join us and our 1200 volunteers in the great adventure of our &#8220;Tulipes \u00e0 C\u0153ur&#8221; operation. Everyone can participate in their own way and according to its means. [&hellip;]<\/p>\n","protected":false},"author":2,"featured_media":0,"parent":359,"menu_order":10,"comment_status":"closed","ping_status":"closed","template":"","meta":{"_acf_changed":false,"footnotes":""},"class_list":["post-452","page","type-page","status-publish","hentry","wp-sticky"],"acf":[],"yoast_head":"<!-- This site is optimized with the Yoast SEO plugin v27.4 - https:\/\/yoast.com\/product\/yoast-seo-wordpress\/ -->\n<title>Become a volunteer<\/title>\n<meta name=\"description\" content=\"Notre fonctionnement et nos recherches n\u00e9cessitent un financement annuel r\u00e9alisable gr\u00e2ce \u00e0 la bonne volont\u00e9 d\u2019une arm\u00e9e de 1200 b\u00e9n\u00e9voles. Inscrivez-vous !\" \/>\n<meta name=\"robots\" content=\"index, follow, max-snippet:-1, max-image-preview:large, max-video-preview:-1\" \/>\n<link rel=\"canonical\" href=\"https:\/\/www.irht.fr\/en\/participate\/take-part\/become-volunteer\/\" \/>\n<meta property=\"og:locale\" content=\"en_US\" \/>\n<meta property=\"og:type\" content=\"article\" \/>\n<meta property=\"og:title\" content=\"Become a volunteer\" \/>\n<meta property=\"og:description\" content=\"Notre fonctionnement et nos recherches n\u00e9cessitent un financement annuel r\u00e9alisable gr\u00e2ce \u00e0 la bonne volont\u00e9 d\u2019une arm\u00e9e de 1200 b\u00e9n\u00e9voles. Inscrivez-vous !\" \/>\n<meta property=\"og:url\" content=\"https:\/\/www.irht.fr\/en\/participate\/take-part\/become-volunteer\/\" \/>\n<meta property=\"og:site_name\" content=\"IRHT\" \/>\n<meta property=\"article:modified_time\" content=\"2017-07-20T09:04:02+00:00\" \/>\n<meta property=\"og:image\" content=\"https:\/\/www.irht.fr\/wp-inside\/uploads\/2017\/01\/1zlv9p6g53xnsud-690x518.jpg\" \/>\n<meta name=\"twitter:card\" content=\"summary_large_image\" \/>\n<script type=\"application\/ld+json\" class=\"yoast-schema-graph\">{\"@context\":\"https:\\\/\\\/schema.org\",\"@graph\":[{\"@type\":\"WebPage\",\"@id\":\"https:\\\/\\\/www.irht.fr\\\/en\\\/participate\\\/take-part\\\/become-volunteer\\\/\",\"url\":\"https:\\\/\\\/www.irht.fr\\\/en\\\/participate\\\/take-part\\\/become-volunteer\\\/\",\"name\":\"Become a volunteer\",\"isPartOf\":{\"@id\":\"https:\\\/\\\/www.irht.fr\\\/en\\\/#website\"},\"primaryImageOfPage\":{\"@id\":\"https:\\\/\\\/www.irht.fr\\\/en\\\/participate\\\/take-part\\\/become-volunteer\\\/#primaryimage\"},\"image\":{\"@id\":\"https:\\\/\\\/www.irht.fr\\\/en\\\/participate\\\/take-part\\\/become-volunteer\\\/#primaryimage\"},\"thumbnailUrl\":\"https:\\\/\\\/www.irht.fr\\\/wp-inside\\\/uploads\\\/2017\\\/01\\\/1zlv9p6g53xnsud-690x518.jpg\",\"datePublished\":\"2017-01-23T17:28:59+00:00\",\"dateModified\":\"2017-07-20T09:04:02+00:00\",\"description\":\"Notre fonctionnement et nos recherches n\u00e9cessitent un financement annuel r\u00e9alisable gr\u00e2ce \u00e0 la bonne volont\u00e9 d\u2019une arm\u00e9e de 1200 b\u00e9n\u00e9voles. Inscrivez-vous !\",\"breadcrumb\":{\"@id\":\"https:\\\/\\\/www.irht.fr\\\/en\\\/participate\\\/take-part\\\/become-volunteer\\\/#breadcrumb\"},\"inLanguage\":\"en-US\",\"potentialAction\":[{\"@type\":\"ReadAction\",\"target\":[\"https:\\\/\\\/www.irht.fr\\\/en\\\/participate\\\/take-part\\\/become-volunteer\\\/\"]}]},{\"@type\":\"ImageObject\",\"inLanguage\":\"en-US\",\"@id\":\"https:\\\/\\\/www.irht.fr\\\/en\\\/participate\\\/take-part\\\/become-volunteer\\\/#primaryimage\",\"url\":\"https:\\\/\\\/www.irht.fr\\\/wp-inside\\\/uploads\\\/2017\\\/01\\\/1zlv9p6g53xnsud-690x518.jpg\",\"contentUrl\":\"https:\\\/\\\/www.irht.fr\\\/wp-inside\\\/uploads\\\/2017\\\/01\\\/1zlv9p6g53xnsud-690x518.jpg\"},{\"@type\":\"BreadcrumbList\",\"@id\":\"https:\\\/\\\/www.irht.fr\\\/en\\\/participate\\\/take-part\\\/become-volunteer\\\/#breadcrumb\",\"itemListElement\":[{\"@type\":\"ListItem\",\"position\":1,\"name\":\"Home\",\"item\":\"https:\\\/\\\/www.irht.fr\\\/en\\\/\"},{\"@type\":\"ListItem\",\"position\":2,\"name\":\"Participate\",\"item\":\"https:\\\/\\\/www.irht.fr\\\/en\\\/participate\\\/\"},{\"@type\":\"ListItem\",\"position\":3,\"name\":\"Take Part\",\"item\":\"https:\\\/\\\/www.irht.fr\\\/en\\\/participate\\\/take-part\\\/\"},{\"@type\":\"ListItem\",\"position\":4,\"name\":\"Become a volunteer\"}]},{\"@type\":\"WebSite\",\"@id\":\"https:\\\/\\\/www.irht.fr\\\/en\\\/#website\",\"url\":\"https:\\\/\\\/www.irht.fr\\\/en\\\/\",\"name\":\"IRHT\",\"description\":\"Institute of Research in Hematology and Transplantation\",\"potentialAction\":[{\"@type\":\"SearchAction\",\"target\":{\"@type\":\"EntryPoint\",\"urlTemplate\":\"https:\\\/\\\/www.irht.fr\\\/en\\\/?s={search_term_string}\"},\"query-input\":{\"@type\":\"PropertyValueSpecification\",\"valueRequired\":true,\"valueName\":\"search_term_string\"}}],\"inLanguage\":\"en-US\"}]}<\/script>\n<!-- \/ Yoast SEO plugin. -->","yoast_head_json":{"title":"Become a volunteer","description":"Notre fonctionnement et nos recherches n\u00e9cessitent un financement annuel r\u00e9alisable gr\u00e2ce \u00e0 la bonne volont\u00e9 d\u2019une arm\u00e9e de 1200 b\u00e9n\u00e9voles. Inscrivez-vous !","robots":{"index":"index","follow":"follow","max-snippet":"max-snippet:-1","max-image-preview":"max-image-preview:large","max-video-preview":"max-video-preview:-1"},"canonical":"https:\/\/www.irht.fr\/en\/participate\/take-part\/become-volunteer\/","og_locale":"en_US","og_type":"article","og_title":"Become a volunteer","og_description":"Notre fonctionnement et nos recherches n\u00e9cessitent un financement annuel r\u00e9alisable gr\u00e2ce \u00e0 la bonne volont\u00e9 d\u2019une arm\u00e9e de 1200 b\u00e9n\u00e9voles. Inscrivez-vous !","og_url":"https:\/\/www.irht.fr\/en\/participate\/take-part\/become-volunteer\/","og_site_name":"IRHT","article_modified_time":"2017-07-20T09:04:02+00:00","og_image":[{"url":"https:\/\/www.irht.fr\/wp-inside\/uploads\/2017\/01\/1zlv9p6g53xnsud-690x518.jpg","type":"","width":"","height":""}],"twitter_card":"summary_large_image","schema":{"@context":"https:\/\/schema.org","@graph":[{"@type":"WebPage","@id":"https:\/\/www.irht.fr\/en\/participate\/take-part\/become-volunteer\/","url":"https:\/\/www.irht.fr\/en\/participate\/take-part\/become-volunteer\/","name":"Become a volunteer","isPartOf":{"@id":"https:\/\/www.irht.fr\/en\/#website"},"primaryImageOfPage":{"@id":"https:\/\/www.irht.fr\/en\/participate\/take-part\/become-volunteer\/#primaryimage"},"image":{"@id":"https:\/\/www.irht.fr\/en\/participate\/take-part\/become-volunteer\/#primaryimage"},"thumbnailUrl":"https:\/\/www.irht.fr\/wp-inside\/uploads\/2017\/01\/1zlv9p6g53xnsud-690x518.jpg","datePublished":"2017-01-23T17:28:59+00:00","dateModified":"2017-07-20T09:04:02+00:00","description":"Notre fonctionnement et nos recherches n\u00e9cessitent un financement annuel r\u00e9alisable gr\u00e2ce \u00e0 la bonne volont\u00e9 d\u2019une arm\u00e9e de 1200 b\u00e9n\u00e9voles. Inscrivez-vous !","breadcrumb":{"@id":"https:\/\/www.irht.fr\/en\/participate\/take-part\/become-volunteer\/#breadcrumb"},"inLanguage":"en-US","potentialAction":[{"@type":"ReadAction","target":["https:\/\/www.irht.fr\/en\/participate\/take-part\/become-volunteer\/"]}]},{"@type":"ImageObject","inLanguage":"en-US","@id":"https:\/\/www.irht.fr\/en\/participate\/take-part\/become-volunteer\/#primaryimage","url":"https:\/\/www.irht.fr\/wp-inside\/uploads\/2017\/01\/1zlv9p6g53xnsud-690x518.jpg","contentUrl":"https:\/\/www.irht.fr\/wp-inside\/uploads\/2017\/01\/1zlv9p6g53xnsud-690x518.jpg"},{"@type":"BreadcrumbList","@id":"https:\/\/www.irht.fr\/en\/participate\/take-part\/become-volunteer\/#breadcrumb","itemListElement":[{"@type":"ListItem","position":1,"name":"Home","item":"https:\/\/www.irht.fr\/en\/"},{"@type":"ListItem","position":2,"name":"Participate","item":"https:\/\/www.irht.fr\/en\/participate\/"},{"@type":"ListItem","position":3,"name":"Take Part","item":"https:\/\/www.irht.fr\/en\/participate\/take-part\/"},{"@type":"ListItem","position":4,"name":"Become a volunteer"}]},{"@type":"WebSite","@id":"https:\/\/www.irht.fr\/en\/#website","url":"https:\/\/www.irht.fr\/en\/","name":"IRHT","description":"Institute of Research in Hematology and Transplantation","potentialAction":[{"@type":"SearchAction","target":{"@type":"EntryPoint","urlTemplate":"https:\/\/www.irht.fr\/en\/?s={search_term_string}"},"query-input":{"@type":"PropertyValueSpecification","valueRequired":true,"valueName":"search_term_string"}}],"inLanguage":"en-US"}]}},"_links":{"self":[{"href":"https:\/\/www.irht.fr\/en\/wp-json\/wp\/v2\/pages\/452","targetHints":{"allow":["GET"]}}],"collection":[{"href":"https:\/\/www.irht.fr\/en\/wp-json\/wp\/v2\/pages"}],"about":[{"href":"https:\/\/www.irht.fr\/en\/wp-json\/wp\/v2\/types\/page"}],"author":[{"embeddable":true,"href":"https:\/\/www.irht.fr\/en\/wp-json\/wp\/v2\/users\/2"}],"replies":[{"embeddable":true,"href":"https:\/\/www.irht.fr\/en\/wp-json\/wp\/v2\/comments?post=452"}],"version-history":[{"count":0,"href":"https:\/\/www.irht.fr\/en\/wp-json\/wp\/v2\/pages\/452\/revisions"}],"up":[{"embeddable":true,"href":"https:\/\/www.irht.fr\/en\/wp-json\/wp\/v2\/pages\/359"}],"wp:attachment":[{"href":"https:\/\/www.irht.fr\/en\/wp-json\/wp\/v2\/media?parent=452"}],"curies":[{"name":"wp","href":"https:\/\/api.w.org\/{rel}","templated":true}]}}