{"id":438,"date":"2017-01-23T18:41:58","date_gmt":"2017-01-23T17:41:58","guid":{"rendered":"https:\/\/www.irht.fr\/comprendre-en\/publications\/"},"modified":"2017-07-20T11:11:50","modified_gmt":"2017-07-20T09:11:50","slug":"publications","status":"publish","type":"page","link":"https:\/\/www.irht.fr\/en\/understand\/publications\/","title":{"rendered":"Publications"},"content":{"rendered":"<p>Scientific publications allow us to share our discoveries with colleagues around the world.<\/p>\n<p>With <strong>more than 150 publications<\/strong> since its creation, the IRHT has gained international recognition.<\/p>\n<p><img decoding=\"async\" src=\"https:\/\/www.irht.fr\/wp-inside\/uploads\/2017\/01\/Fotolia_87103724_XS.jpg\" alt=\"Publications Scientifiques, Cellules Souches\" class=\"aligncenter size-full\" \/>Some of our latest publications :<\/p>\n<ol class=\"spacing-list\">\n<li><strong>Human Very Small Embryonic-Like Stem Cells Are Present in Normal Peripheral Blood of Young, Middle-Aged, and Aged Subjects.<\/strong><br \/>\nSovalat H, Scrofani M, Eidenschenk A, H\u00e9non P.<br \/>\nStem Cells Int. 2016; 2016:7651645.<\/li>\n<li><strong>Selective aminopeptidase-N (CD13) inhibitors with relevance to cancer chemotherapy.<\/strong><br \/>\nSchmitt C, Voegelin M, Marin A, Schmitt M, Schegg F, H\u00e9non P, Guenot D, Tarnus C.<br \/>\nBioorg Med Chem. 2013 Apr 1; 21(7):2135-44.<\/li>\n<li><strong>Identification and isolation from either adult human bone marrow or G-CSF-mobilized peripheral blood of CD34(+)\/CD133(+)\/CXCR4(+)\/ Lin(-)CD45(-) cells, featuring morphological, molecular, and phenotypic characteristics of very small embryonic-like (VSEL) stem cells.<\/strong><br \/>\nSovalat H, Scrofani M, Eidenschenk A, Pasquet S, Rimelen V, H\u00e9non P.<br \/>\nExp Hematol. 2011 Apr; 39(4):495-505.<\/li>\n<li><strong>Three-dimensional distribution patterns of CD34 antigen on nonactivated cord blood cells.<\/strong><br \/>\nJung G, Wunder E, Dieterlen A, H\u00e9non P, Jacquey S.<br \/>\nCytometry A. 2008 Jan; 73(1):16-21.<\/li>\n<li><strong>Long-term benefit of intracardiac delivery of autologous granulocyte-colony-stimulating factor-mobilized blood CD34+ cells containing cardiac progenitors on regional heart structure and function after myocardial infarct.<\/strong><br \/>\nPasquet S, Sovalat H, H\u00e9non P, Bischoff N, Arkam Y, Ojeda-Uribe M, Bouar Rl, Rimelen V, Brink I, Dallemand R, Monassier JP.<br \/>\nCytotherapy. 2009;11(8):1002-15.<\/li>\n<li><strong>Relative quantification of residual tumor cells by lightcycler real-time IgH PCR in autografted multiple myeloma patients.<\/strong><br \/>\nRimelen V, Ferrand C, Debecker A, Sovalat H, Tancredi C, Eidenschenk A, H\u00e9non P.<br \/>\nLeukemia. 2005 Mar; 19(3):492-5.<\/li>\n<li><strong>Peripheral blood and BM CD34+ CD38- cells show better resistance to cryopreservation than CD34+ CD38+ cells in autologous stem cell transplantation.<\/strong><br \/>\nOjeda-Uribe M, Sovalat H, Bourderont D, Brunot A, Marr A, Lewandowski H, Chabout\u00e9 V, Peter P, Henon P.<br \/>\nCytotherapy. 2004;6(6):571-83.<\/li>\n<li><strong>CD34+ cells and CD34+CD38- subset from mobilized blood show different patterns of adhesion molecules compared to those from steady-state blood, bone marrow, and cord blood.<\/strong><br \/>\nSovalat H, Racadot E, Ojeda M, Lewandowski H, Chabout\u00e9 V, H\u00e9non P.<br \/>\nJ Hematother Stem Cell Res. 2003 Oct;12(5):473-89.<\/li>\n<li><strong>Importance of CD34+ cell subsets in autologous PBSC transplantation: the mulhouse experience using CD34+CD38- cells as predictive tool for hematopoietic engraftment.<\/strong><br \/>\nH\u00e9non PH, Sovalat H, Bourderont D.<br \/>\nJ Biol Regul Homeost Agents. 2001 Jan-Mar;15(1):62-7. Review.<\/li>\n<li><strong>Human accessory cells have a humoral bystander effect on CAFC growing on murine feeder.<\/strong><br \/>\nMazini L, Wunder E, Sovalat H, Jung G, Bourderont D, Bachorz J, Bearenzung M, Zanetti C, H\u00e9non P.<br \/>\nJ Hematother Stem Cell Res. 2000 Oct;9(5):749-57.<\/li>\n<li><strong>Comparative analysis of class I, II and III epitope-detecting CD34 monoclonal antibodies by quantitative flow cytometry.<\/strong><br \/>\nSovalat H, Racadot E, H\u00e9non P, Fuchs P, Lewandowski H, Billot M.<br \/>\nHematol Cell Ther. 1998 Dec;40(6):259-68.<\/li>\n<li><strong>Mature accessory cells influence long-term growth of human hematopoietic progenitors on a murine stromal cell feeder layer.<\/strong><br \/>\nMazini L, Wunder E, Sovalat H, Bourderont D, Baerenzung M, Bachorz J, H\u00e9non P.<br \/>\nStem Cells. 1998;16(6):404-12.<\/li>\n<li><strong>Role of the CD34+ 38- cells in posttransplant hematopoietic recovery.<\/strong><br \/>\nH\u00e9non P, Sovalat H, Bourderont D, Ojeda-Uribe M, Arkam Y, Wunder E, Raidot JP, Husseini F, Audhuy B.<br \/>\nStem Cells. 1998;16 Suppl 1:113-22.<\/li>\n<li><strong>Primordial role of CD34+ 38- cells in early and late trilineage haemopoietic engraftment after autologous blood cell transplantation.<\/strong><br \/>\nH\u00e9non P, Sovalat H, Becker M, Arkam Y, Ojeda-Uribe M, Raidot JP, Husseini F, Wunder E, Bourderont D, Audhuy B.<br \/>\nBr J Haematol. 1998 Nov;103(2):568-81. Erratum in: Br J Haematol 1999 Jul;106(1):264. Bouderont D [corrected to Bourderont D].<\/li>\n<li><strong>Isolation and identification of two CD34+ cell subpopulations from normal human peripheral blood.<\/strong><br \/>\nHerbein G, Sovalat H, Wunder E, Baerenzung M, Bachorz J, Lewandowski H, Schweitzer C, Schmitt C, Kirn A, H\u00e9non P.<br \/>\nStem Cells. 1994 Mar;12(2):187-97.<\/li>\n<li><strong>Impact of the degree of maturation and differentiation of CD34+ cells in grafts of different origin on the duration of aplasia.<\/strong><br \/>\nWunder E, Sovalat H, Liang H, Becker M, Henon P.<br \/>\nProg Clin Biol Res. 1994;389:345-50.<\/li>\n<li><strong>Positive selection of CD34+ cells: a short review of the immunoadsorption methods currently available for experimental and clinical use. Report on the &#8220;2nd European Workshop on stem Cell Methodology,&#8221; Mulhouse, France, May 3-7, 1993.<\/strong><br \/>\nSilvestri F, Wunder E, Sovalat H, Henon P, Serke S.<br \/>\nJ Hematother. 1993 Winter;2(4):473-81. Review.<\/li>\n<li><strong>Report on the European Workshop on Peripheral Blood Stem Cell Determination and Standardization&#8211;Mulhouse, France, February 6-8 and 14-15, 1992.<\/strong><br \/>\nWunder E, Sovalat H, Fritsch G, Silvestri F, Henon P, Serke S.<br \/>\nJ Hematother. 1992 Summer;1(2):131-42.<\/li>\n<li><strong>Ambiguous patterns in cellular differentiation in a case of &#8220;M3 variant&#8221; leukemia.<\/strong><br \/>\nParent X, Sovalat H, Beck-Wirth G, Jung G, Henon P.<br \/>\nNouv Rev Fr Hematol. 1991;33(4):303-6. Erratum in: Nouv Rev Fr Hematol 1991;33(6):430.<\/li>\n<\/ol>\n","protected":false},"excerpt":{"rendered":"<p>Scientific publications allow us to share our discoveries with colleagues around the world. With more than 150 publications since its creation, the IRHT has gained international recognition. Some of our [&hellip;]<\/p>\n","protected":false},"author":2,"featured_media":0,"parent":339,"menu_order":30,"comment_status":"closed","ping_status":"closed","template":"","meta":{"_acf_changed":false,"footnotes":""},"class_list":["post-438","page","type-page","status-publish","hentry","wp-sticky"],"acf":[],"yoast_head":"<!-- This site is optimized with the Yoast SEO plugin v27.6 - https:\/\/yoast.com\/product\/yoast-seo-wordpress\/ -->\n<title>Publications<\/title>\n<meta name=\"description\" content=\"Ce sont plus de 150 publications scientifiques qui permettent \u00e0 l&#039;IRHT de partager ses d\u00e9couvertes avec ses coll\u00e8gues du monde entier.\" \/>\n<meta name=\"robots\" content=\"index, follow, max-snippet:-1, max-image-preview:large, max-video-preview:-1\" \/>\n<link rel=\"canonical\" href=\"https:\/\/www.irht.fr\/en\/understand\/publications\/\" \/>\n<meta property=\"og:locale\" content=\"en_US\" \/>\n<meta property=\"og:type\" content=\"article\" \/>\n<meta property=\"og:title\" content=\"Publications\" \/>\n<meta property=\"og:description\" content=\"Ce sont plus de 150 publications scientifiques qui permettent \u00e0 l&#039;IRHT de partager ses d\u00e9couvertes avec ses coll\u00e8gues du monde entier.\" \/>\n<meta property=\"og:url\" content=\"https:\/\/www.irht.fr\/en\/understand\/publications\/\" \/>\n<meta property=\"og:site_name\" content=\"IRHT\" \/>\n<meta property=\"article:modified_time\" content=\"2017-07-20T09:11:50+00:00\" \/>\n<meta property=\"og:image\" content=\"https:\/\/www.irht.fr\/wp-inside\/uploads\/2017\/01\/Fotolia_87103724_XS.jpg\" \/>\n<meta name=\"twitter:card\" content=\"summary_large_image\" \/>\n<meta name=\"twitter:label1\" content=\"Est. reading time\" \/>\n\t<meta name=\"twitter:data1\" content=\"4 minutes\" \/>\n<script type=\"application\/ld+json\" class=\"yoast-schema-graph\">{\"@context\":\"https:\\\/\\\/schema.org\",\"@graph\":[{\"@type\":\"WebPage\",\"@id\":\"https:\\\/\\\/www.irht.fr\\\/en\\\/understand\\\/publications\\\/\",\"url\":\"https:\\\/\\\/www.irht.fr\\\/en\\\/understand\\\/publications\\\/\",\"name\":\"Publications\",\"isPartOf\":{\"@id\":\"https:\\\/\\\/www.irht.fr\\\/en\\\/#website\"},\"primaryImageOfPage\":{\"@id\":\"https:\\\/\\\/www.irht.fr\\\/en\\\/understand\\\/publications\\\/#primaryimage\"},\"image\":{\"@id\":\"https:\\\/\\\/www.irht.fr\\\/en\\\/understand\\\/publications\\\/#primaryimage\"},\"thumbnailUrl\":\"https:\\\/\\\/www.irht.fr\\\/wp-inside\\\/uploads\\\/2017\\\/01\\\/Fotolia_87103724_XS.jpg\",\"datePublished\":\"2017-01-23T17:41:58+00:00\",\"dateModified\":\"2017-07-20T09:11:50+00:00\",\"description\":\"Ce sont plus de 150 publications scientifiques qui permettent \u00e0 l'IRHT de partager ses d\u00e9couvertes avec ses coll\u00e8gues du monde entier.\",\"breadcrumb\":{\"@id\":\"https:\\\/\\\/www.irht.fr\\\/en\\\/understand\\\/publications\\\/#breadcrumb\"},\"inLanguage\":\"en-US\",\"potentialAction\":[{\"@type\":\"ReadAction\",\"target\":[\"https:\\\/\\\/www.irht.fr\\\/en\\\/understand\\\/publications\\\/\"]}]},{\"@type\":\"ImageObject\",\"inLanguage\":\"en-US\",\"@id\":\"https:\\\/\\\/www.irht.fr\\\/en\\\/understand\\\/publications\\\/#primaryimage\",\"url\":\"https:\\\/\\\/www.irht.fr\\\/wp-inside\\\/uploads\\\/2017\\\/01\\\/Fotolia_87103724_XS.jpg\",\"contentUrl\":\"https:\\\/\\\/www.irht.fr\\\/wp-inside\\\/uploads\\\/2017\\\/01\\\/Fotolia_87103724_XS.jpg\"},{\"@type\":\"BreadcrumbList\",\"@id\":\"https:\\\/\\\/www.irht.fr\\\/en\\\/understand\\\/publications\\\/#breadcrumb\",\"itemListElement\":[{\"@type\":\"ListItem\",\"position\":1,\"name\":\"Home\",\"item\":\"https:\\\/\\\/www.irht.fr\\\/en\\\/\"},{\"@type\":\"ListItem\",\"position\":2,\"name\":\"Understand\",\"item\":\"https:\\\/\\\/www.irht.fr\\\/en\\\/understand\\\/\"},{\"@type\":\"ListItem\",\"position\":3,\"name\":\"Publications\"}]},{\"@type\":\"WebSite\",\"@id\":\"https:\\\/\\\/www.irht.fr\\\/en\\\/#website\",\"url\":\"https:\\\/\\\/www.irht.fr\\\/en\\\/\",\"name\":\"IRHT\",\"description\":\"Institute of Research in Hematology and Transplantation\",\"potentialAction\":[{\"@type\":\"SearchAction\",\"target\":{\"@type\":\"EntryPoint\",\"urlTemplate\":\"https:\\\/\\\/www.irht.fr\\\/en\\\/?s={search_term_string}\"},\"query-input\":{\"@type\":\"PropertyValueSpecification\",\"valueRequired\":true,\"valueName\":\"search_term_string\"}}],\"inLanguage\":\"en-US\"}]}<\/script>\n<!-- \/ Yoast SEO plugin. -->","yoast_head_json":{"title":"Publications","description":"Ce sont plus de 150 publications scientifiques qui permettent \u00e0 l'IRHT de partager ses d\u00e9couvertes avec ses coll\u00e8gues du monde entier.","robots":{"index":"index","follow":"follow","max-snippet":"max-snippet:-1","max-image-preview":"max-image-preview:large","max-video-preview":"max-video-preview:-1"},"canonical":"https:\/\/www.irht.fr\/en\/understand\/publications\/","og_locale":"en_US","og_type":"article","og_title":"Publications","og_description":"Ce sont plus de 150 publications scientifiques qui permettent \u00e0 l'IRHT de partager ses d\u00e9couvertes avec ses coll\u00e8gues du monde entier.","og_url":"https:\/\/www.irht.fr\/en\/understand\/publications\/","og_site_name":"IRHT","article_modified_time":"2017-07-20T09:11:50+00:00","og_image":[{"url":"https:\/\/www.irht.fr\/wp-inside\/uploads\/2017\/01\/Fotolia_87103724_XS.jpg","type":"","width":"","height":""}],"twitter_card":"summary_large_image","twitter_misc":{"Est. reading time":"4 minutes"},"schema":{"@context":"https:\/\/schema.org","@graph":[{"@type":"WebPage","@id":"https:\/\/www.irht.fr\/en\/understand\/publications\/","url":"https:\/\/www.irht.fr\/en\/understand\/publications\/","name":"Publications","isPartOf":{"@id":"https:\/\/www.irht.fr\/en\/#website"},"primaryImageOfPage":{"@id":"https:\/\/www.irht.fr\/en\/understand\/publications\/#primaryimage"},"image":{"@id":"https:\/\/www.irht.fr\/en\/understand\/publications\/#primaryimage"},"thumbnailUrl":"https:\/\/www.irht.fr\/wp-inside\/uploads\/2017\/01\/Fotolia_87103724_XS.jpg","datePublished":"2017-01-23T17:41:58+00:00","dateModified":"2017-07-20T09:11:50+00:00","description":"Ce sont plus de 150 publications scientifiques qui permettent \u00e0 l'IRHT de partager ses d\u00e9couvertes avec ses coll\u00e8gues du monde entier.","breadcrumb":{"@id":"https:\/\/www.irht.fr\/en\/understand\/publications\/#breadcrumb"},"inLanguage":"en-US","potentialAction":[{"@type":"ReadAction","target":["https:\/\/www.irht.fr\/en\/understand\/publications\/"]}]},{"@type":"ImageObject","inLanguage":"en-US","@id":"https:\/\/www.irht.fr\/en\/understand\/publications\/#primaryimage","url":"https:\/\/www.irht.fr\/wp-inside\/uploads\/2017\/01\/Fotolia_87103724_XS.jpg","contentUrl":"https:\/\/www.irht.fr\/wp-inside\/uploads\/2017\/01\/Fotolia_87103724_XS.jpg"},{"@type":"BreadcrumbList","@id":"https:\/\/www.irht.fr\/en\/understand\/publications\/#breadcrumb","itemListElement":[{"@type":"ListItem","position":1,"name":"Home","item":"https:\/\/www.irht.fr\/en\/"},{"@type":"ListItem","position":2,"name":"Understand","item":"https:\/\/www.irht.fr\/en\/understand\/"},{"@type":"ListItem","position":3,"name":"Publications"}]},{"@type":"WebSite","@id":"https:\/\/www.irht.fr\/en\/#website","url":"https:\/\/www.irht.fr\/en\/","name":"IRHT","description":"Institute of Research in Hematology and Transplantation","potentialAction":[{"@type":"SearchAction","target":{"@type":"EntryPoint","urlTemplate":"https:\/\/www.irht.fr\/en\/?s={search_term_string}"},"query-input":{"@type":"PropertyValueSpecification","valueRequired":true,"valueName":"search_term_string"}}],"inLanguage":"en-US"}]}},"_links":{"self":[{"href":"https:\/\/www.irht.fr\/en\/wp-json\/wp\/v2\/pages\/438","targetHints":{"allow":["GET"]}}],"collection":[{"href":"https:\/\/www.irht.fr\/en\/wp-json\/wp\/v2\/pages"}],"about":[{"href":"https:\/\/www.irht.fr\/en\/wp-json\/wp\/v2\/types\/page"}],"author":[{"embeddable":true,"href":"https:\/\/www.irht.fr\/en\/wp-json\/wp\/v2\/users\/2"}],"replies":[{"embeddable":true,"href":"https:\/\/www.irht.fr\/en\/wp-json\/wp\/v2\/comments?post=438"}],"version-history":[{"count":0,"href":"https:\/\/www.irht.fr\/en\/wp-json\/wp\/v2\/pages\/438\/revisions"}],"up":[{"embeddable":true,"href":"https:\/\/www.irht.fr\/en\/wp-json\/wp\/v2\/pages\/339"}],"wp:attachment":[{"href":"https:\/\/www.irht.fr\/en\/wp-json\/wp\/v2\/media?parent=438"}],"curies":[{"name":"wp","href":"https:\/\/api.w.org\/{rel}","templated":true}]}}