{"id":368,"date":"2017-03-17T12:35:06","date_gmt":"2017-03-17T11:35:06","guid":{"rendered":"https:\/\/www.irht.fr\/?page_id=368\/"},"modified":"2017-07-20T14:50:18","modified_gmt":"2017-07-20T12:50:18","slug":"companies","status":"publish","type":"page","link":"https:\/\/www.irht.fr\/en\/participate\/companies\/","title":{"rendered":"Are you a company?"},"content":{"rendered":"<p>Whether it is through <strong>donations or R&amp;D partnerships<\/strong> (the IRHT has received several research authorizations from the French Ministry of Research), we can succeed together.<\/p>\n<p>Let&#8217;s build together a partnership that makes sense and resembles you.<\/p>\n<p>Depending on your activity, location, network or simply personal affinity with the subject, we will go together to co-build a partnership that makes sense for you and for us.<\/p>\n<p>Together we mobilize, federate, accept the challenge!<br \/>\nLet&#8217;s connect with your teams, your customers and all of your stakeholders and save lives!<\/p>\n<p><img decoding=\"async\" src=\"https:\/\/www.irht.fr\/wp-inside\/uploads\/2017\/01\/Fotolia_113444790_XS.jpg\" alt=\"Partenariats Entreprises, Lutte contre Maladies\" class=\"aligncenter size-full\" \/><\/p>\n<h2>Donation: monthly, annually or several per year<\/h2>\n<p>A solidarity product: all or part of the profits goes to the IRHT. We design the product with you.<\/p>\n<p>Your client Satisfaction Survey: boost your return rate by giving one euro to the IRHT for each survey completed.<\/p>\n<p>Your loyalty points: transform them into donation for IRHT.<\/p>\n<p>An internal collect: involve your employees and double the stake.<\/p>\n<p>Tax exemption: please contact us for more information about tax deduction of foreign donations.<\/p>\n<p style=\"text-align: center;\"><a class=\"button button-padding\" href=\"https:\/\/www.irht.fr\/en\/contact\/\">For any partnership, contact us<\/a><\/p>\n","protected":false},"excerpt":{"rendered":"<p>En tant qu&#8217;entreprise, vous pouvez aussi participer \u00e0 nos recherches gr\u00e2ce \u00e0 vos dons ou des partenariats de Recherche &#038; D\u00e9veloppement !<\/p>\n","protected":false},"author":2,"featured_media":0,"parent":449,"menu_order":40,"comment_status":"closed","ping_status":"closed","template":"","meta":{"_acf_changed":false,"footnotes":""},"class_list":["post-368","page","type-page","status-publish","hentry","wp-sticky"],"acf":[],"yoast_head":"<!-- This site is optimized with the Yoast SEO plugin v27.4 - https:\/\/yoast.com\/product\/yoast-seo-wordpress\/ -->\n<title>Are you a company?<\/title>\n<meta name=\"robots\" content=\"index, follow, max-snippet:-1, max-image-preview:large, max-video-preview:-1\" \/>\n<link rel=\"canonical\" href=\"https:\/\/www.irht.fr\/en\/participate\/companies\/\" \/>\n<meta property=\"og:locale\" content=\"en_US\" \/>\n<meta property=\"og:type\" content=\"article\" \/>\n<meta property=\"og:title\" content=\"Are you a company?\" \/>\n<meta property=\"og:description\" content=\"En tant qu&#039;entreprise, vous pouvez aussi participer \u00e0 nos recherches gr\u00e2ce \u00e0 vos dons ou des partenariats de Recherche &amp; D\u00e9veloppement !\" \/>\n<meta property=\"og:url\" content=\"https:\/\/www.irht.fr\/en\/participate\/companies\/\" \/>\n<meta property=\"og:site_name\" content=\"IRHT\" \/>\n<meta property=\"article:modified_time\" content=\"2017-07-20T12:50:18+00:00\" \/>\n<meta property=\"og:image\" content=\"https:\/\/www.irht.fr\/wp-inside\/uploads\/2017\/01\/Fotolia_113444790_XS.jpg\" \/>\n<meta name=\"twitter:card\" content=\"summary_large_image\" \/>\n<meta name=\"twitter:label1\" content=\"Est. reading time\" \/>\n\t<meta name=\"twitter:data1\" content=\"1 minute\" \/>\n<script type=\"application\/ld+json\" class=\"yoast-schema-graph\">{\"@context\":\"https:\\\/\\\/schema.org\",\"@graph\":[{\"@type\":\"WebPage\",\"@id\":\"https:\\\/\\\/www.irht.fr\\\/en\\\/participate\\\/companies\\\/\",\"url\":\"https:\\\/\\\/www.irht.fr\\\/en\\\/participate\\\/companies\\\/\",\"name\":\"Are you a company?\",\"isPartOf\":{\"@id\":\"https:\\\/\\\/www.irht.fr\\\/en\\\/#website\"},\"primaryImageOfPage\":{\"@id\":\"https:\\\/\\\/www.irht.fr\\\/en\\\/participate\\\/companies\\\/#primaryimage\"},\"image\":{\"@id\":\"https:\\\/\\\/www.irht.fr\\\/en\\\/participate\\\/companies\\\/#primaryimage\"},\"thumbnailUrl\":\"https:\\\/\\\/www.irht.fr\\\/wp-inside\\\/uploads\\\/2017\\\/01\\\/Fotolia_113444790_XS.jpg\",\"datePublished\":\"2017-03-17T11:35:06+00:00\",\"dateModified\":\"2017-07-20T12:50:18+00:00\",\"breadcrumb\":{\"@id\":\"https:\\\/\\\/www.irht.fr\\\/en\\\/participate\\\/companies\\\/#breadcrumb\"},\"inLanguage\":\"en-US\",\"potentialAction\":[{\"@type\":\"ReadAction\",\"target\":[\"https:\\\/\\\/www.irht.fr\\\/en\\\/participate\\\/companies\\\/\"]}]},{\"@type\":\"ImageObject\",\"inLanguage\":\"en-US\",\"@id\":\"https:\\\/\\\/www.irht.fr\\\/en\\\/participate\\\/companies\\\/#primaryimage\",\"url\":\"https:\\\/\\\/www.irht.fr\\\/wp-inside\\\/uploads\\\/2017\\\/01\\\/Fotolia_113444790_XS.jpg\",\"contentUrl\":\"https:\\\/\\\/www.irht.fr\\\/wp-inside\\\/uploads\\\/2017\\\/01\\\/Fotolia_113444790_XS.jpg\"},{\"@type\":\"BreadcrumbList\",\"@id\":\"https:\\\/\\\/www.irht.fr\\\/en\\\/participate\\\/companies\\\/#breadcrumb\",\"itemListElement\":[{\"@type\":\"ListItem\",\"position\":1,\"name\":\"Home\",\"item\":\"https:\\\/\\\/www.irht.fr\\\/en\\\/\"},{\"@type\":\"ListItem\",\"position\":2,\"name\":\"Participate\",\"item\":\"https:\\\/\\\/www.irht.fr\\\/en\\\/participate\\\/\"},{\"@type\":\"ListItem\",\"position\":3,\"name\":\"Are you a company?\"}]},{\"@type\":\"WebSite\",\"@id\":\"https:\\\/\\\/www.irht.fr\\\/en\\\/#website\",\"url\":\"https:\\\/\\\/www.irht.fr\\\/en\\\/\",\"name\":\"IRHT\",\"description\":\"Institute of Research in Hematology and Transplantation\",\"potentialAction\":[{\"@type\":\"SearchAction\",\"target\":{\"@type\":\"EntryPoint\",\"urlTemplate\":\"https:\\\/\\\/www.irht.fr\\\/en\\\/?s={search_term_string}\"},\"query-input\":{\"@type\":\"PropertyValueSpecification\",\"valueRequired\":true,\"valueName\":\"search_term_string\"}}],\"inLanguage\":\"en-US\"}]}<\/script>\n<!-- \/ Yoast SEO plugin. -->","yoast_head_json":{"title":"Are you a company?","robots":{"index":"index","follow":"follow","max-snippet":"max-snippet:-1","max-image-preview":"max-image-preview:large","max-video-preview":"max-video-preview:-1"},"canonical":"https:\/\/www.irht.fr\/en\/participate\/companies\/","og_locale":"en_US","og_type":"article","og_title":"Are you a company?","og_description":"En tant qu'entreprise, vous pouvez aussi participer \u00e0 nos recherches gr\u00e2ce \u00e0 vos dons ou des partenariats de Recherche & D\u00e9veloppement !","og_url":"https:\/\/www.irht.fr\/en\/participate\/companies\/","og_site_name":"IRHT","article_modified_time":"2017-07-20T12:50:18+00:00","og_image":[{"url":"https:\/\/www.irht.fr\/wp-inside\/uploads\/2017\/01\/Fotolia_113444790_XS.jpg","type":"","width":"","height":""}],"twitter_card":"summary_large_image","twitter_misc":{"Est. reading time":"1 minute"},"schema":{"@context":"https:\/\/schema.org","@graph":[{"@type":"WebPage","@id":"https:\/\/www.irht.fr\/en\/participate\/companies\/","url":"https:\/\/www.irht.fr\/en\/participate\/companies\/","name":"Are you a company?","isPartOf":{"@id":"https:\/\/www.irht.fr\/en\/#website"},"primaryImageOfPage":{"@id":"https:\/\/www.irht.fr\/en\/participate\/companies\/#primaryimage"},"image":{"@id":"https:\/\/www.irht.fr\/en\/participate\/companies\/#primaryimage"},"thumbnailUrl":"https:\/\/www.irht.fr\/wp-inside\/uploads\/2017\/01\/Fotolia_113444790_XS.jpg","datePublished":"2017-03-17T11:35:06+00:00","dateModified":"2017-07-20T12:50:18+00:00","breadcrumb":{"@id":"https:\/\/www.irht.fr\/en\/participate\/companies\/#breadcrumb"},"inLanguage":"en-US","potentialAction":[{"@type":"ReadAction","target":["https:\/\/www.irht.fr\/en\/participate\/companies\/"]}]},{"@type":"ImageObject","inLanguage":"en-US","@id":"https:\/\/www.irht.fr\/en\/participate\/companies\/#primaryimage","url":"https:\/\/www.irht.fr\/wp-inside\/uploads\/2017\/01\/Fotolia_113444790_XS.jpg","contentUrl":"https:\/\/www.irht.fr\/wp-inside\/uploads\/2017\/01\/Fotolia_113444790_XS.jpg"},{"@type":"BreadcrumbList","@id":"https:\/\/www.irht.fr\/en\/participate\/companies\/#breadcrumb","itemListElement":[{"@type":"ListItem","position":1,"name":"Home","item":"https:\/\/www.irht.fr\/en\/"},{"@type":"ListItem","position":2,"name":"Participate","item":"https:\/\/www.irht.fr\/en\/participate\/"},{"@type":"ListItem","position":3,"name":"Are you a company?"}]},{"@type":"WebSite","@id":"https:\/\/www.irht.fr\/en\/#website","url":"https:\/\/www.irht.fr\/en\/","name":"IRHT","description":"Institute of Research in Hematology and Transplantation","potentialAction":[{"@type":"SearchAction","target":{"@type":"EntryPoint","urlTemplate":"https:\/\/www.irht.fr\/en\/?s={search_term_string}"},"query-input":{"@type":"PropertyValueSpecification","valueRequired":true,"valueName":"search_term_string"}}],"inLanguage":"en-US"}]}},"_links":{"self":[{"href":"https:\/\/www.irht.fr\/en\/wp-json\/wp\/v2\/pages\/368","targetHints":{"allow":["GET"]}}],"collection":[{"href":"https:\/\/www.irht.fr\/en\/wp-json\/wp\/v2\/pages"}],"about":[{"href":"https:\/\/www.irht.fr\/en\/wp-json\/wp\/v2\/types\/page"}],"author":[{"embeddable":true,"href":"https:\/\/www.irht.fr\/en\/wp-json\/wp\/v2\/users\/2"}],"replies":[{"embeddable":true,"href":"https:\/\/www.irht.fr\/en\/wp-json\/wp\/v2\/comments?post=368"}],"version-history":[{"count":0,"href":"https:\/\/www.irht.fr\/en\/wp-json\/wp\/v2\/pages\/368\/revisions"}],"up":[{"embeddable":true,"href":"https:\/\/www.irht.fr\/en\/wp-json\/wp\/v2\/pages\/449"}],"wp:attachment":[{"href":"https:\/\/www.irht.fr\/en\/wp-json\/wp\/v2\/media?parent=368"}],"curies":[{"name":"wp","href":"https:\/\/api.w.org\/{rel}","templated":true}]}}