{"id":365,"date":"2017-01-23T18:28:21","date_gmt":"2017-01-23T17:28:21","guid":{"rendered":"https:\/\/www.irht.fr\/?page_id=365\/"},"modified":"2017-07-19T14:20:46","modified_gmt":"2017-07-19T12:20:46","slug":"fiscal-status","status":"publish","type":"page","link":"https:\/\/www.irht.fr\/en\/participate\/donate\/fiscal-status\/","title":{"rendered":"Fiscal status"},"content":{"rendered":"<p><img decoding=\"async\" src=\"https:\/\/www.irht.fr\/wp-inside\/uploads\/2017\/01\/Fotolia_104913065_XS.jpg\" alt=\"Dons pour la Recherche, r\u00e9duction fiscale\" class=\"alignnone size-full\" \/><\/p>\n<p>In France, all donors benefit from tax cuts. <a href=\"https:\/\/www.irht.fr\/en\/contact\/\">Please contact us for more information about tax deduction of foreign donations, legacy or life insurance<\/a>.<\/p>\n<p>In France, the amount differs depending on your situation:<\/p>\n<ul>\n<li>If you are an individual, you can deduct from your taxes, 66% of the amount of your donations within the limit of 20% of the taxable income.<\/li>\n<li>If you are a business, you can deduct 60% of your donation, whether annualized or monthly. Examples:<\/li>\n<\/ul>\n\n<table id=\"tablepress-3\" class=\"tablepress tablepress-id-3\">\n<thead>\n<tr class=\"row-1\">\n\t<th class=\"column-1\">Annual amount of donations (in \u20ac)<\/th><th class=\"column-2\">Monthly payment possible<\/th><th class=\"column-3\">Tax deduction 60%<\/th><th class=\"column-4\">Annual real cost (in \u20ac)<\/th>\n<\/tr>\n<\/thead>\n<tbody class=\"row-striping row-hover\">\n<tr class=\"row-2\">\n\t<td class=\"column-1\">20 000<br \/>\n<\/td><td class=\"column-2\">1 666<\/td><td class=\"column-3\">12 000<\/td><td class=\"column-4\">8 000<\/td>\n<\/tr>\n<tr class=\"row-3\">\n\t<td class=\"column-1\">30 000<\/td><td class=\"column-2\">2 500<\/td><td class=\"column-3\">18 000<\/td><td class=\"column-4\">12 000<\/td>\n<\/tr>\n<tr class=\"row-4\">\n\t<td class=\"column-1\">40 000<\/td><td class=\"column-2\">3 333<\/td><td class=\"column-3\">24 000<\/td><td class=\"column-4\">16 000<\/td>\n<\/tr>\n<tr class=\"row-5\">\n\t<td class=\"column-1\">50 000<\/td><td class=\"column-2\">4 166<\/td><td class=\"column-3\">30 000<\/td><td class=\"column-4\">20 000<\/td>\n<\/tr>\n<\/tbody>\n<\/table>\n<!-- #tablepress-3 from cache -->\n<p style=\"text-align: center;\"><a class=\"button\" href=\"https:\/\/www.irht.fr\/en\/make-a-donation\/\">Donate<i class=\"skf-heart\"><\/i><\/a><\/p>\n","protected":false},"excerpt":{"rendered":"<p>In France, all donors benefit from tax cuts. Please contact us for more information about tax deduction of foreign donations, legacy or life insurance. In France, the amount differs depending [&hellip;]<\/p>\n","protected":false},"author":2,"featured_media":0,"parent":458,"menu_order":50,"comment_status":"closed","ping_status":"closed","template":"","meta":{"_acf_changed":false,"footnotes":""},"class_list":["post-365","page","type-page","status-publish","hentry","wp-sticky"],"acf":[],"yoast_head":"<!-- This site is optimized with the Yoast SEO plugin v27.4 - https:\/\/yoast.com\/product\/yoast-seo-wordpress\/ -->\n<title>Fiscal status<\/title>\n<meta name=\"description\" content=\"Nous r\u00e9pondons \u00e0 toutes vos questions en mati\u00e8re de don et d\u00e9fiscalisation. Selon votre situation, les montants diff\u00e8rent.\" \/>\n<meta name=\"robots\" content=\"index, follow, max-snippet:-1, max-image-preview:large, max-video-preview:-1\" \/>\n<link rel=\"canonical\" href=\"https:\/\/www.irht.fr\/en\/participate\/donate\/fiscal-status\/\" \/>\n<meta property=\"og:locale\" content=\"en_US\" \/>\n<meta property=\"og:type\" content=\"article\" \/>\n<meta property=\"og:title\" content=\"Fiscal status\" \/>\n<meta property=\"og:description\" content=\"Nous r\u00e9pondons \u00e0 toutes vos questions en mati\u00e8re de don et d\u00e9fiscalisation. Selon votre situation, les montants diff\u00e8rent.\" \/>\n<meta property=\"og:url\" content=\"https:\/\/www.irht.fr\/en\/participate\/donate\/fiscal-status\/\" \/>\n<meta property=\"og:site_name\" content=\"IRHT\" \/>\n<meta property=\"article:modified_time\" content=\"2017-07-19T12:20:46+00:00\" \/>\n<meta property=\"og:image\" content=\"https:\/\/www.irht.fr\/wp-inside\/uploads\/2017\/01\/Fotolia_104913065_XS.jpg\" \/>\n<meta name=\"twitter:card\" content=\"summary_large_image\" \/>\n<script type=\"application\/ld+json\" class=\"yoast-schema-graph\">{\"@context\":\"https:\\\/\\\/schema.org\",\"@graph\":[{\"@type\":\"WebPage\",\"@id\":\"https:\\\/\\\/www.irht.fr\\\/en\\\/participate\\\/donate\\\/fiscal-status\\\/\",\"url\":\"https:\\\/\\\/www.irht.fr\\\/en\\\/participate\\\/donate\\\/fiscal-status\\\/\",\"name\":\"Fiscal status\",\"isPartOf\":{\"@id\":\"https:\\\/\\\/www.irht.fr\\\/en\\\/#website\"},\"primaryImageOfPage\":{\"@id\":\"https:\\\/\\\/www.irht.fr\\\/en\\\/participate\\\/donate\\\/fiscal-status\\\/#primaryimage\"},\"image\":{\"@id\":\"https:\\\/\\\/www.irht.fr\\\/en\\\/participate\\\/donate\\\/fiscal-status\\\/#primaryimage\"},\"thumbnailUrl\":\"https:\\\/\\\/www.irht.fr\\\/wp-inside\\\/uploads\\\/2017\\\/01\\\/Fotolia_104913065_XS.jpg\",\"datePublished\":\"2017-01-23T17:28:21+00:00\",\"dateModified\":\"2017-07-19T12:20:46+00:00\",\"description\":\"Nous r\u00e9pondons \u00e0 toutes vos questions en mati\u00e8re de don et d\u00e9fiscalisation. Selon votre situation, les montants diff\u00e8rent.\",\"breadcrumb\":{\"@id\":\"https:\\\/\\\/www.irht.fr\\\/en\\\/participate\\\/donate\\\/fiscal-status\\\/#breadcrumb\"},\"inLanguage\":\"en-US\",\"potentialAction\":[{\"@type\":\"ReadAction\",\"target\":[\"https:\\\/\\\/www.irht.fr\\\/en\\\/participate\\\/donate\\\/fiscal-status\\\/\"]}]},{\"@type\":\"ImageObject\",\"inLanguage\":\"en-US\",\"@id\":\"https:\\\/\\\/www.irht.fr\\\/en\\\/participate\\\/donate\\\/fiscal-status\\\/#primaryimage\",\"url\":\"https:\\\/\\\/www.irht.fr\\\/wp-inside\\\/uploads\\\/2017\\\/01\\\/Fotolia_104913065_XS.jpg\",\"contentUrl\":\"https:\\\/\\\/www.irht.fr\\\/wp-inside\\\/uploads\\\/2017\\\/01\\\/Fotolia_104913065_XS.jpg\"},{\"@type\":\"BreadcrumbList\",\"@id\":\"https:\\\/\\\/www.irht.fr\\\/en\\\/participate\\\/donate\\\/fiscal-status\\\/#breadcrumb\",\"itemListElement\":[{\"@type\":\"ListItem\",\"position\":1,\"name\":\"Home\",\"item\":\"https:\\\/\\\/www.irht.fr\\\/en\\\/\"},{\"@type\":\"ListItem\",\"position\":2,\"name\":\"Participate\",\"item\":\"https:\\\/\\\/www.irht.fr\\\/en\\\/participate\\\/\"},{\"@type\":\"ListItem\",\"position\":3,\"name\":\"Donate\",\"item\":\"https:\\\/\\\/www.irht.fr\\\/en\\\/participate\\\/donate\\\/\"},{\"@type\":\"ListItem\",\"position\":4,\"name\":\"Fiscal status\"}]},{\"@type\":\"WebSite\",\"@id\":\"https:\\\/\\\/www.irht.fr\\\/en\\\/#website\",\"url\":\"https:\\\/\\\/www.irht.fr\\\/en\\\/\",\"name\":\"IRHT\",\"description\":\"Institute of Research in Hematology and Transplantation\",\"potentialAction\":[{\"@type\":\"SearchAction\",\"target\":{\"@type\":\"EntryPoint\",\"urlTemplate\":\"https:\\\/\\\/www.irht.fr\\\/en\\\/?s={search_term_string}\"},\"query-input\":{\"@type\":\"PropertyValueSpecification\",\"valueRequired\":true,\"valueName\":\"search_term_string\"}}],\"inLanguage\":\"en-US\"}]}<\/script>\n<!-- \/ Yoast SEO plugin. -->","yoast_head_json":{"title":"Fiscal status","description":"Nous r\u00e9pondons \u00e0 toutes vos questions en mati\u00e8re de don et d\u00e9fiscalisation. Selon votre situation, les montants diff\u00e8rent.","robots":{"index":"index","follow":"follow","max-snippet":"max-snippet:-1","max-image-preview":"max-image-preview:large","max-video-preview":"max-video-preview:-1"},"canonical":"https:\/\/www.irht.fr\/en\/participate\/donate\/fiscal-status\/","og_locale":"en_US","og_type":"article","og_title":"Fiscal status","og_description":"Nous r\u00e9pondons \u00e0 toutes vos questions en mati\u00e8re de don et d\u00e9fiscalisation. Selon votre situation, les montants diff\u00e8rent.","og_url":"https:\/\/www.irht.fr\/en\/participate\/donate\/fiscal-status\/","og_site_name":"IRHT","article_modified_time":"2017-07-19T12:20:46+00:00","og_image":[{"url":"https:\/\/www.irht.fr\/wp-inside\/uploads\/2017\/01\/Fotolia_104913065_XS.jpg","type":"","width":"","height":""}],"twitter_card":"summary_large_image","schema":{"@context":"https:\/\/schema.org","@graph":[{"@type":"WebPage","@id":"https:\/\/www.irht.fr\/en\/participate\/donate\/fiscal-status\/","url":"https:\/\/www.irht.fr\/en\/participate\/donate\/fiscal-status\/","name":"Fiscal status","isPartOf":{"@id":"https:\/\/www.irht.fr\/en\/#website"},"primaryImageOfPage":{"@id":"https:\/\/www.irht.fr\/en\/participate\/donate\/fiscal-status\/#primaryimage"},"image":{"@id":"https:\/\/www.irht.fr\/en\/participate\/donate\/fiscal-status\/#primaryimage"},"thumbnailUrl":"https:\/\/www.irht.fr\/wp-inside\/uploads\/2017\/01\/Fotolia_104913065_XS.jpg","datePublished":"2017-01-23T17:28:21+00:00","dateModified":"2017-07-19T12:20:46+00:00","description":"Nous r\u00e9pondons \u00e0 toutes vos questions en mati\u00e8re de don et d\u00e9fiscalisation. Selon votre situation, les montants diff\u00e8rent.","breadcrumb":{"@id":"https:\/\/www.irht.fr\/en\/participate\/donate\/fiscal-status\/#breadcrumb"},"inLanguage":"en-US","potentialAction":[{"@type":"ReadAction","target":["https:\/\/www.irht.fr\/en\/participate\/donate\/fiscal-status\/"]}]},{"@type":"ImageObject","inLanguage":"en-US","@id":"https:\/\/www.irht.fr\/en\/participate\/donate\/fiscal-status\/#primaryimage","url":"https:\/\/www.irht.fr\/wp-inside\/uploads\/2017\/01\/Fotolia_104913065_XS.jpg","contentUrl":"https:\/\/www.irht.fr\/wp-inside\/uploads\/2017\/01\/Fotolia_104913065_XS.jpg"},{"@type":"BreadcrumbList","@id":"https:\/\/www.irht.fr\/en\/participate\/donate\/fiscal-status\/#breadcrumb","itemListElement":[{"@type":"ListItem","position":1,"name":"Home","item":"https:\/\/www.irht.fr\/en\/"},{"@type":"ListItem","position":2,"name":"Participate","item":"https:\/\/www.irht.fr\/en\/participate\/"},{"@type":"ListItem","position":3,"name":"Donate","item":"https:\/\/www.irht.fr\/en\/participate\/donate\/"},{"@type":"ListItem","position":4,"name":"Fiscal status"}]},{"@type":"WebSite","@id":"https:\/\/www.irht.fr\/en\/#website","url":"https:\/\/www.irht.fr\/en\/","name":"IRHT","description":"Institute of Research in Hematology and Transplantation","potentialAction":[{"@type":"SearchAction","target":{"@type":"EntryPoint","urlTemplate":"https:\/\/www.irht.fr\/en\/?s={search_term_string}"},"query-input":{"@type":"PropertyValueSpecification","valueRequired":true,"valueName":"search_term_string"}}],"inLanguage":"en-US"}]}},"_links":{"self":[{"href":"https:\/\/www.irht.fr\/en\/wp-json\/wp\/v2\/pages\/365","targetHints":{"allow":["GET"]}}],"collection":[{"href":"https:\/\/www.irht.fr\/en\/wp-json\/wp\/v2\/pages"}],"about":[{"href":"https:\/\/www.irht.fr\/en\/wp-json\/wp\/v2\/types\/page"}],"author":[{"embeddable":true,"href":"https:\/\/www.irht.fr\/en\/wp-json\/wp\/v2\/users\/2"}],"replies":[{"embeddable":true,"href":"https:\/\/www.irht.fr\/en\/wp-json\/wp\/v2\/comments?post=365"}],"version-history":[{"count":0,"href":"https:\/\/www.irht.fr\/en\/wp-json\/wp\/v2\/pages\/365\/revisions"}],"up":[{"embeddable":true,"href":"https:\/\/www.irht.fr\/en\/wp-json\/wp\/v2\/pages\/458"}],"wp:attachment":[{"href":"https:\/\/www.irht.fr\/en\/wp-json\/wp\/v2\/media?parent=365"}],"curies":[{"name":"wp","href":"https:\/\/api.w.org\/{rel}","templated":true}]}}