{"id":364,"date":"2017-01-23T18:27:07","date_gmt":"2017-01-23T17:27:07","guid":{"rendered":"https:\/\/www.irht.fr\/?page_id=364\/"},"modified":"2017-07-19T14:20:28","modified_gmt":"2017-07-19T12:20:28","slug":"how-to-donate","status":"publish","type":"page","link":"https:\/\/www.irht.fr\/en\/participate\/donate\/how-to-donate\/","title":{"rendered":"How to donate?"},"content":{"rendered":"<p>IRHT is an <strong>association recognized as being of general interest<\/strong> and our funding is based exclusively on private donations, legacies and public supports (Conseil R\u00e9gional, Conseil D\u00e9partemental, Groupe Arp\u00e8ge, Fondation Lalance, ANR, J. Lejeune Foundation). By providing a financial support, you will be actively involved in supporting researchers and our therapeutic advances.<\/p>\n<p>IRHT acts through the generosity of its donors!<\/p>\n<p><a href=\"https:\/\/www.irht.fr\/en\/contact\/\">Please contact us for more information about tax deduction of foreign donations, legacy or life insurance.<\/a><\/p>\n<p><img decoding=\"async\" src=\"https:\/\/www.irht.fr\/wp-inside\/uploads\/2017\/01\/Fotolia_141131680_XS.jpg\" alt=\"Dons Recherche et D\u00e9couverte, Legs priv\u00e9s, Subventions Publiques\" class=\"aligncenter size-full\" \/><\/p>\n<p>There are many ways to support the Institute:<\/p>\n<h2>One-time donation<\/h2>\n<p>All French donors benefit from tax cuts. The amount may differ according your situation especially your country. <a href=\"https:\/\/www.irht.fr\/en\/contact\/\">Please contact us for more information about tax deduction of foreign donations<\/a>.<\/p>\n<ul>\n<li>For example, if you are a French individual, you can deduct <strong>66% of the amount of your donations<\/strong> from your taxes, within the limit of 20% of the taxable income.<\/li>\n<li>If you are a <strong>French business<\/strong>, you can tax shelter 60% of your donation, whether annualized or monthly.<\/li>\n<\/ul>\n<p>You can donate by credit card, check, or direct debit. A tax receipt will be sent by e-mail or by post, after validation of your donation.<\/p>\n<p style=\"text-align: center;\"><a class=\"button\" href=\"https:\/\/www.irht.fr\/en\/make-a-donation\/\">Donate<i class=\"skf-heart\"><\/i><\/a><\/p>\n<h2>Regular donation<\/h2>\n<p>Your regular support brings stable resources to researchers and allows them to devote more time to their work.<br \/>\nFor you, it means flexibility: you spread your support over the year. And you are free to modify or interrupt it at any time upon request to the IRHT.<\/p>\n<p>You can make your regular donation by SEPA direct debit order or by mail.<\/p>\n<p>Just like the one-time donation, your gift may be deductible from your tax.<br \/>\nIf you have requested, your donation will result in the edition of a tax receipt, sent within a few days of the registration of your donation.<\/p>\n<p style=\"text-align: center;\"><a class=\"button button-padding\" href=\"https:\/\/www.irht.fr\/en\/contact\/\">Contact IRHT for a regular donation<\/a><\/p>\n<h2>Legacy<\/h2>\n<p>The IRHT is <strong>allowed to receive legacies<\/strong> totally exempt from inheritance tax.<\/p>\n<p style=\"text-align: center;\"><a class=\"button button-padding\" href=\"https:\/\/www.irht.fr\/en\/participate\/donate\/legacy-donations-life-insurance\/\">Learn more about legacies<\/a><\/p>\n<h2>Donations or life insurance<\/h2>\n<p>You want to optimize the management of your estate or anticipate the settlement of your estate while supporting medical research?<br \/>\nThe IRHT benefits from all taxation exemption. Your donations to IRHT will fully benefits to the medical research without any tax levy.<\/p>\n<p style=\"text-align: center;\"><a class=\"button button-padding\" href=\"https:\/\/www.irht.fr\/en\/participate\/donate\/legacy-donations-life-insurance\/\">Learn more about donations and life insurance<\/a><\/p>\n<h2>Become a partner<\/h2>\n<p>Your company and IRHT may become associated to a priority cause for your employees and customers. Your donation will be usefully and effectively used and you can measure the impact of your action. You can support the IRHT <strong>by financing its research, by associating yourself with one of its events<\/strong> like &#8220;Tulipes \u00e0 C\u0153ur&#8221;, or creating a tailor-made project&#8230;<\/p>\n<p>Contact us, and we will find together the most appropriate involvement of your group.<\/p>\n<p style=\"text-align: center;\"><a class=\"button button-padding\" href=\"https:\/\/www.irht.fr\/en\/contact\/\">Contact us for a partnership<\/a><\/p>\n<h2>Organize a collection for the IRHT<\/h2>\n<p>You can take advantage of an exceptional event of your life &#8211; birthday, marriage, birth of a child, participation in your first half marathon &#8230; &#8211; <strong>to organize a collect with your loved ones<\/strong>. IRHT can advise and accompany you in this process.<\/p>\n<p style=\"text-align: center;\"><a class=\"button button-padding\" href=\"https:\/\/www.irht.fr\/en\/contact\/\">Contact us for a collect organization<\/a><\/p>\n","protected":false},"excerpt":{"rendered":"<p>IRHT is an association recognized as being of general interest and our funding is based exclusively on private donations, legacies and public supports (Conseil R\u00e9gional, Conseil D\u00e9partemental, Groupe Arp\u00e8ge, Fondation [&hellip;]<\/p>\n","protected":false},"author":2,"featured_media":0,"parent":458,"menu_order":10,"comment_status":"closed","ping_status":"closed","template":"","meta":{"_acf_changed":false,"footnotes":""},"class_list":["post-364","page","type-page","status-publish","hentry","wp-sticky"],"acf":[],"yoast_head":"<!-- This site is optimized with the Yoast SEO plugin v27.4 - https:\/\/yoast.com\/product\/yoast-seo-wordpress\/ -->\n<title>How to donate?<\/title>\n<meta name=\"description\" content=\"Vous pouvez nous apporter votre aide financi\u00e8re en r\u00e9alisant des dons ponctuels, r\u00e9guliers, en faisant des legs, par assurance-vie, en devenant partenaire ou en organisant des collectes de fonds !\" \/>\n<meta name=\"robots\" content=\"index, follow, max-snippet:-1, max-image-preview:large, max-video-preview:-1\" \/>\n<link rel=\"canonical\" href=\"https:\/\/www.irht.fr\/en\/participate\/donate\/how-to-donate\/\" \/>\n<meta property=\"og:locale\" content=\"en_US\" \/>\n<meta property=\"og:type\" content=\"article\" \/>\n<meta property=\"og:title\" content=\"How to donate?\" \/>\n<meta property=\"og:description\" content=\"Vous pouvez nous apporter votre aide financi\u00e8re en r\u00e9alisant des dons ponctuels, r\u00e9guliers, en faisant des legs, par assurance-vie, en devenant partenaire ou en organisant des collectes de fonds !\" \/>\n<meta property=\"og:url\" content=\"https:\/\/www.irht.fr\/en\/participate\/donate\/how-to-donate\/\" \/>\n<meta property=\"og:site_name\" content=\"IRHT\" \/>\n<meta property=\"article:modified_time\" content=\"2017-07-19T12:20:28+00:00\" \/>\n<meta property=\"og:image\" content=\"https:\/\/www.irht.fr\/wp-inside\/uploads\/2017\/01\/Fotolia_141131680_XS.jpg\" \/>\n<meta name=\"twitter:card\" content=\"summary_large_image\" \/>\n<meta name=\"twitter:label1\" content=\"Est. reading time\" \/>\n\t<meta name=\"twitter:data1\" content=\"3 minutes\" \/>\n<script type=\"application\/ld+json\" class=\"yoast-schema-graph\">{\"@context\":\"https:\\\/\\\/schema.org\",\"@graph\":[{\"@type\":\"WebPage\",\"@id\":\"https:\\\/\\\/www.irht.fr\\\/en\\\/participate\\\/donate\\\/how-to-donate\\\/\",\"url\":\"https:\\\/\\\/www.irht.fr\\\/en\\\/participate\\\/donate\\\/how-to-donate\\\/\",\"name\":\"How to donate?\",\"isPartOf\":{\"@id\":\"https:\\\/\\\/www.irht.fr\\\/en\\\/#website\"},\"primaryImageOfPage\":{\"@id\":\"https:\\\/\\\/www.irht.fr\\\/en\\\/participate\\\/donate\\\/how-to-donate\\\/#primaryimage\"},\"image\":{\"@id\":\"https:\\\/\\\/www.irht.fr\\\/en\\\/participate\\\/donate\\\/how-to-donate\\\/#primaryimage\"},\"thumbnailUrl\":\"https:\\\/\\\/www.irht.fr\\\/wp-inside\\\/uploads\\\/2017\\\/01\\\/Fotolia_141131680_XS.jpg\",\"datePublished\":\"2017-01-23T17:27:07+00:00\",\"dateModified\":\"2017-07-19T12:20:28+00:00\",\"description\":\"Vous pouvez nous apporter votre aide financi\u00e8re en r\u00e9alisant des dons ponctuels, r\u00e9guliers, en faisant des legs, par assurance-vie, en devenant partenaire ou en organisant des collectes de fonds !\",\"breadcrumb\":{\"@id\":\"https:\\\/\\\/www.irht.fr\\\/en\\\/participate\\\/donate\\\/how-to-donate\\\/#breadcrumb\"},\"inLanguage\":\"en-US\",\"potentialAction\":[{\"@type\":\"ReadAction\",\"target\":[\"https:\\\/\\\/www.irht.fr\\\/en\\\/participate\\\/donate\\\/how-to-donate\\\/\"]}]},{\"@type\":\"ImageObject\",\"inLanguage\":\"en-US\",\"@id\":\"https:\\\/\\\/www.irht.fr\\\/en\\\/participate\\\/donate\\\/how-to-donate\\\/#primaryimage\",\"url\":\"https:\\\/\\\/www.irht.fr\\\/wp-inside\\\/uploads\\\/2017\\\/01\\\/Fotolia_141131680_XS.jpg\",\"contentUrl\":\"https:\\\/\\\/www.irht.fr\\\/wp-inside\\\/uploads\\\/2017\\\/01\\\/Fotolia_141131680_XS.jpg\"},{\"@type\":\"BreadcrumbList\",\"@id\":\"https:\\\/\\\/www.irht.fr\\\/en\\\/participate\\\/donate\\\/how-to-donate\\\/#breadcrumb\",\"itemListElement\":[{\"@type\":\"ListItem\",\"position\":1,\"name\":\"Home\",\"item\":\"https:\\\/\\\/www.irht.fr\\\/en\\\/\"},{\"@type\":\"ListItem\",\"position\":2,\"name\":\"Participate\",\"item\":\"https:\\\/\\\/www.irht.fr\\\/en\\\/participate\\\/\"},{\"@type\":\"ListItem\",\"position\":3,\"name\":\"Donate\",\"item\":\"https:\\\/\\\/www.irht.fr\\\/en\\\/participate\\\/donate\\\/\"},{\"@type\":\"ListItem\",\"position\":4,\"name\":\"How to donate?\"}]},{\"@type\":\"WebSite\",\"@id\":\"https:\\\/\\\/www.irht.fr\\\/en\\\/#website\",\"url\":\"https:\\\/\\\/www.irht.fr\\\/en\\\/\",\"name\":\"IRHT\",\"description\":\"Institute of Research in Hematology and Transplantation\",\"potentialAction\":[{\"@type\":\"SearchAction\",\"target\":{\"@type\":\"EntryPoint\",\"urlTemplate\":\"https:\\\/\\\/www.irht.fr\\\/en\\\/?s={search_term_string}\"},\"query-input\":{\"@type\":\"PropertyValueSpecification\",\"valueRequired\":true,\"valueName\":\"search_term_string\"}}],\"inLanguage\":\"en-US\"}]}<\/script>\n<!-- \/ Yoast SEO plugin. -->","yoast_head_json":{"title":"How to donate?","description":"Vous pouvez nous apporter votre aide financi\u00e8re en r\u00e9alisant des dons ponctuels, r\u00e9guliers, en faisant des legs, par assurance-vie, en devenant partenaire ou en organisant des collectes de fonds !","robots":{"index":"index","follow":"follow","max-snippet":"max-snippet:-1","max-image-preview":"max-image-preview:large","max-video-preview":"max-video-preview:-1"},"canonical":"https:\/\/www.irht.fr\/en\/participate\/donate\/how-to-donate\/","og_locale":"en_US","og_type":"article","og_title":"How to donate?","og_description":"Vous pouvez nous apporter votre aide financi\u00e8re en r\u00e9alisant des dons ponctuels, r\u00e9guliers, en faisant des legs, par assurance-vie, en devenant partenaire ou en organisant des collectes de fonds !","og_url":"https:\/\/www.irht.fr\/en\/participate\/donate\/how-to-donate\/","og_site_name":"IRHT","article_modified_time":"2017-07-19T12:20:28+00:00","og_image":[{"url":"https:\/\/www.irht.fr\/wp-inside\/uploads\/2017\/01\/Fotolia_141131680_XS.jpg","type":"","width":"","height":""}],"twitter_card":"summary_large_image","twitter_misc":{"Est. reading time":"3 minutes"},"schema":{"@context":"https:\/\/schema.org","@graph":[{"@type":"WebPage","@id":"https:\/\/www.irht.fr\/en\/participate\/donate\/how-to-donate\/","url":"https:\/\/www.irht.fr\/en\/participate\/donate\/how-to-donate\/","name":"How to donate?","isPartOf":{"@id":"https:\/\/www.irht.fr\/en\/#website"},"primaryImageOfPage":{"@id":"https:\/\/www.irht.fr\/en\/participate\/donate\/how-to-donate\/#primaryimage"},"image":{"@id":"https:\/\/www.irht.fr\/en\/participate\/donate\/how-to-donate\/#primaryimage"},"thumbnailUrl":"https:\/\/www.irht.fr\/wp-inside\/uploads\/2017\/01\/Fotolia_141131680_XS.jpg","datePublished":"2017-01-23T17:27:07+00:00","dateModified":"2017-07-19T12:20:28+00:00","description":"Vous pouvez nous apporter votre aide financi\u00e8re en r\u00e9alisant des dons ponctuels, r\u00e9guliers, en faisant des legs, par assurance-vie, en devenant partenaire ou en organisant des collectes de fonds !","breadcrumb":{"@id":"https:\/\/www.irht.fr\/en\/participate\/donate\/how-to-donate\/#breadcrumb"},"inLanguage":"en-US","potentialAction":[{"@type":"ReadAction","target":["https:\/\/www.irht.fr\/en\/participate\/donate\/how-to-donate\/"]}]},{"@type":"ImageObject","inLanguage":"en-US","@id":"https:\/\/www.irht.fr\/en\/participate\/donate\/how-to-donate\/#primaryimage","url":"https:\/\/www.irht.fr\/wp-inside\/uploads\/2017\/01\/Fotolia_141131680_XS.jpg","contentUrl":"https:\/\/www.irht.fr\/wp-inside\/uploads\/2017\/01\/Fotolia_141131680_XS.jpg"},{"@type":"BreadcrumbList","@id":"https:\/\/www.irht.fr\/en\/participate\/donate\/how-to-donate\/#breadcrumb","itemListElement":[{"@type":"ListItem","position":1,"name":"Home","item":"https:\/\/www.irht.fr\/en\/"},{"@type":"ListItem","position":2,"name":"Participate","item":"https:\/\/www.irht.fr\/en\/participate\/"},{"@type":"ListItem","position":3,"name":"Donate","item":"https:\/\/www.irht.fr\/en\/participate\/donate\/"},{"@type":"ListItem","position":4,"name":"How to donate?"}]},{"@type":"WebSite","@id":"https:\/\/www.irht.fr\/en\/#website","url":"https:\/\/www.irht.fr\/en\/","name":"IRHT","description":"Institute of Research in Hematology and Transplantation","potentialAction":[{"@type":"SearchAction","target":{"@type":"EntryPoint","urlTemplate":"https:\/\/www.irht.fr\/en\/?s={search_term_string}"},"query-input":{"@type":"PropertyValueSpecification","valueRequired":true,"valueName":"search_term_string"}}],"inLanguage":"en-US"}]}},"_links":{"self":[{"href":"https:\/\/www.irht.fr\/en\/wp-json\/wp\/v2\/pages\/364","targetHints":{"allow":["GET"]}}],"collection":[{"href":"https:\/\/www.irht.fr\/en\/wp-json\/wp\/v2\/pages"}],"about":[{"href":"https:\/\/www.irht.fr\/en\/wp-json\/wp\/v2\/types\/page"}],"author":[{"embeddable":true,"href":"https:\/\/www.irht.fr\/en\/wp-json\/wp\/v2\/users\/2"}],"replies":[{"embeddable":true,"href":"https:\/\/www.irht.fr\/en\/wp-json\/wp\/v2\/comments?post=364"}],"version-history":[{"count":0,"href":"https:\/\/www.irht.fr\/en\/wp-json\/wp\/v2\/pages\/364\/revisions"}],"up":[{"embeddable":true,"href":"https:\/\/www.irht.fr\/en\/wp-json\/wp\/v2\/pages\/458"}],"wp:attachment":[{"href":"https:\/\/www.irht.fr\/en\/wp-json\/wp\/v2\/media?parent=364"}],"curies":[{"name":"wp","href":"https:\/\/api.w.org\/{rel}","templated":true}]}}