{"id":363,"date":"2017-01-23T18:27:34","date_gmt":"2017-01-23T17:27:34","guid":{"rendered":"https:\/\/www.irht.fr\/?page_id=363\/"},"modified":"2017-07-19T11:55:40","modified_gmt":"2017-07-19T09:55:40","slug":"what-are-donations-used-for","status":"publish","type":"page","link":"https:\/\/www.irht.fr\/en\/participate\/donate\/what-are-donations-used-for\/","title":{"rendered":"What are donations used for?"},"content":{"rendered":"<p>Each donation represents hope to progress in our fight and cure diseases that are still among the leading causes of death worldwide: leukemia and other neighboring diseases, and myocardial infarctions (&#8220;heart attacks&#8221;).<\/p>\n<p><img decoding=\"async\" src=\"https:\/\/www.irht.fr\/wp-inside\/uploads\/2017\/01\/Fotolia_121570510_XL-690x380.jpg\" alt=\"D\u00e9veloppement Traitement Crises Cardiaques, Leuc\u00e9mie\" class=\"alignnone size-large\" \/><\/p>\n<p>Concretely, your donations are used for:<\/p>\n<ul>\n<li>Financing the salaries and expenses of researchers (50% of the IRHT budget)<\/li>\n<li>Providing the research laboratory with advanced equipment needed for scientific advances (around 30% of the IRHT budget)<\/li>\n<li>Informing the advances; organizing the collects and meetings of scientists (15%)<\/li>\n<li>Administering the association (5%)<\/li>\n<\/ul>\n<p><a href=\"https:\/\/www.irht.fr\/en\/understand\/irht\/about-association\/annual-reports\/\">\u2192 View activity reports<\/a><\/p>\n<p style=\"text-align: center;\"><a class=\"button\" href=\"https:\/\/www.irht.fr\/en\/make-a-donation\/\">Donate now<i class=\"skf-heart\"><\/i><\/a><\/p>\n","protected":false},"excerpt":{"rendered":"<p>Each donation represents hope to progress in our fight and cure diseases that are still among the leading causes of death worldwide: leukemia and other neighboring diseases, and myocardial infarctions [&hellip;]<\/p>\n","protected":false},"author":2,"featured_media":0,"parent":458,"menu_order":20,"comment_status":"closed","ping_status":"closed","template":"","meta":{"_acf_changed":false,"footnotes":""},"class_list":["post-363","page","type-page","status-publish","hentry","wp-sticky"],"acf":[],"yoast_head":"<!-- This site is optimized with the Yoast SEO plugin v27.4 - https:\/\/yoast.com\/product\/yoast-seo-wordpress\/ -->\n<title>What are donations used for?<\/title>\n<meta name=\"description\" content=\"Vos dons nous permettent de progresser dans la lutte et la gu\u00e9rison de maladies qui figurent encore parmi les premi\u00e8res causes de mortalit\u00e9 dans le monde entier !\" \/>\n<meta name=\"robots\" content=\"index, follow, max-snippet:-1, max-image-preview:large, max-video-preview:-1\" \/>\n<link rel=\"canonical\" href=\"https:\/\/www.irht.fr\/en\/participate\/donate\/what-are-donations-used-for\/\" \/>\n<meta property=\"og:locale\" content=\"en_US\" \/>\n<meta property=\"og:type\" content=\"article\" \/>\n<meta property=\"og:title\" content=\"What are donations used for?\" \/>\n<meta property=\"og:description\" content=\"Vos dons nous permettent de progresser dans la lutte et la gu\u00e9rison de maladies qui figurent encore parmi les premi\u00e8res causes de mortalit\u00e9 dans le monde entier !\" \/>\n<meta property=\"og:url\" content=\"https:\/\/www.irht.fr\/en\/participate\/donate\/what-are-donations-used-for\/\" \/>\n<meta property=\"og:site_name\" content=\"IRHT\" \/>\n<meta property=\"article:modified_time\" content=\"2017-07-19T09:55:40+00:00\" \/>\n<meta property=\"og:image\" content=\"https:\/\/www.irht.fr\/wp-inside\/uploads\/2017\/01\/Fotolia_121570510_XL-690x380.jpg\" \/>\n<meta name=\"twitter:card\" content=\"summary_large_image\" \/>\n<script type=\"application\/ld+json\" class=\"yoast-schema-graph\">{\"@context\":\"https:\\\/\\\/schema.org\",\"@graph\":[{\"@type\":\"WebPage\",\"@id\":\"https:\\\/\\\/www.irht.fr\\\/en\\\/participate\\\/donate\\\/what-are-donations-used-for\\\/\",\"url\":\"https:\\\/\\\/www.irht.fr\\\/en\\\/participate\\\/donate\\\/what-are-donations-used-for\\\/\",\"name\":\"What are donations used for?\",\"isPartOf\":{\"@id\":\"https:\\\/\\\/www.irht.fr\\\/en\\\/#website\"},\"primaryImageOfPage\":{\"@id\":\"https:\\\/\\\/www.irht.fr\\\/en\\\/participate\\\/donate\\\/what-are-donations-used-for\\\/#primaryimage\"},\"image\":{\"@id\":\"https:\\\/\\\/www.irht.fr\\\/en\\\/participate\\\/donate\\\/what-are-donations-used-for\\\/#primaryimage\"},\"thumbnailUrl\":\"https:\\\/\\\/www.irht.fr\\\/wp-inside\\\/uploads\\\/2017\\\/01\\\/Fotolia_121570510_XL-690x380.jpg\",\"datePublished\":\"2017-01-23T17:27:34+00:00\",\"dateModified\":\"2017-07-19T09:55:40+00:00\",\"description\":\"Vos dons nous permettent de progresser dans la lutte et la gu\u00e9rison de maladies qui figurent encore parmi les premi\u00e8res causes de mortalit\u00e9 dans le monde entier !\",\"breadcrumb\":{\"@id\":\"https:\\\/\\\/www.irht.fr\\\/en\\\/participate\\\/donate\\\/what-are-donations-used-for\\\/#breadcrumb\"},\"inLanguage\":\"en-US\",\"potentialAction\":[{\"@type\":\"ReadAction\",\"target\":[\"https:\\\/\\\/www.irht.fr\\\/en\\\/participate\\\/donate\\\/what-are-donations-used-for\\\/\"]}]},{\"@type\":\"ImageObject\",\"inLanguage\":\"en-US\",\"@id\":\"https:\\\/\\\/www.irht.fr\\\/en\\\/participate\\\/donate\\\/what-are-donations-used-for\\\/#primaryimage\",\"url\":\"https:\\\/\\\/www.irht.fr\\\/wp-inside\\\/uploads\\\/2017\\\/01\\\/Fotolia_121570510_XL-690x380.jpg\",\"contentUrl\":\"https:\\\/\\\/www.irht.fr\\\/wp-inside\\\/uploads\\\/2017\\\/01\\\/Fotolia_121570510_XL-690x380.jpg\"},{\"@type\":\"BreadcrumbList\",\"@id\":\"https:\\\/\\\/www.irht.fr\\\/en\\\/participate\\\/donate\\\/what-are-donations-used-for\\\/#breadcrumb\",\"itemListElement\":[{\"@type\":\"ListItem\",\"position\":1,\"name\":\"Home\",\"item\":\"https:\\\/\\\/www.irht.fr\\\/en\\\/\"},{\"@type\":\"ListItem\",\"position\":2,\"name\":\"Participate\",\"item\":\"https:\\\/\\\/www.irht.fr\\\/en\\\/participate\\\/\"},{\"@type\":\"ListItem\",\"position\":3,\"name\":\"Donate\",\"item\":\"https:\\\/\\\/www.irht.fr\\\/en\\\/participate\\\/donate\\\/\"},{\"@type\":\"ListItem\",\"position\":4,\"name\":\"What are donations used for?\"}]},{\"@type\":\"WebSite\",\"@id\":\"https:\\\/\\\/www.irht.fr\\\/en\\\/#website\",\"url\":\"https:\\\/\\\/www.irht.fr\\\/en\\\/\",\"name\":\"IRHT\",\"description\":\"Institute of Research in Hematology and Transplantation\",\"potentialAction\":[{\"@type\":\"SearchAction\",\"target\":{\"@type\":\"EntryPoint\",\"urlTemplate\":\"https:\\\/\\\/www.irht.fr\\\/en\\\/?s={search_term_string}\"},\"query-input\":{\"@type\":\"PropertyValueSpecification\",\"valueRequired\":true,\"valueName\":\"search_term_string\"}}],\"inLanguage\":\"en-US\"}]}<\/script>\n<!-- \/ Yoast SEO plugin. -->","yoast_head_json":{"title":"What are donations used for?","description":"Vos dons nous permettent de progresser dans la lutte et la gu\u00e9rison de maladies qui figurent encore parmi les premi\u00e8res causes de mortalit\u00e9 dans le monde entier !","robots":{"index":"index","follow":"follow","max-snippet":"max-snippet:-1","max-image-preview":"max-image-preview:large","max-video-preview":"max-video-preview:-1"},"canonical":"https:\/\/www.irht.fr\/en\/participate\/donate\/what-are-donations-used-for\/","og_locale":"en_US","og_type":"article","og_title":"What are donations used for?","og_description":"Vos dons nous permettent de progresser dans la lutte et la gu\u00e9rison de maladies qui figurent encore parmi les premi\u00e8res causes de mortalit\u00e9 dans le monde entier !","og_url":"https:\/\/www.irht.fr\/en\/participate\/donate\/what-are-donations-used-for\/","og_site_name":"IRHT","article_modified_time":"2017-07-19T09:55:40+00:00","og_image":[{"url":"https:\/\/www.irht.fr\/wp-inside\/uploads\/2017\/01\/Fotolia_121570510_XL-690x380.jpg","type":"","width":"","height":""}],"twitter_card":"summary_large_image","schema":{"@context":"https:\/\/schema.org","@graph":[{"@type":"WebPage","@id":"https:\/\/www.irht.fr\/en\/participate\/donate\/what-are-donations-used-for\/","url":"https:\/\/www.irht.fr\/en\/participate\/donate\/what-are-donations-used-for\/","name":"What are donations used for?","isPartOf":{"@id":"https:\/\/www.irht.fr\/en\/#website"},"primaryImageOfPage":{"@id":"https:\/\/www.irht.fr\/en\/participate\/donate\/what-are-donations-used-for\/#primaryimage"},"image":{"@id":"https:\/\/www.irht.fr\/en\/participate\/donate\/what-are-donations-used-for\/#primaryimage"},"thumbnailUrl":"https:\/\/www.irht.fr\/wp-inside\/uploads\/2017\/01\/Fotolia_121570510_XL-690x380.jpg","datePublished":"2017-01-23T17:27:34+00:00","dateModified":"2017-07-19T09:55:40+00:00","description":"Vos dons nous permettent de progresser dans la lutte et la gu\u00e9rison de maladies qui figurent encore parmi les premi\u00e8res causes de mortalit\u00e9 dans le monde entier !","breadcrumb":{"@id":"https:\/\/www.irht.fr\/en\/participate\/donate\/what-are-donations-used-for\/#breadcrumb"},"inLanguage":"en-US","potentialAction":[{"@type":"ReadAction","target":["https:\/\/www.irht.fr\/en\/participate\/donate\/what-are-donations-used-for\/"]}]},{"@type":"ImageObject","inLanguage":"en-US","@id":"https:\/\/www.irht.fr\/en\/participate\/donate\/what-are-donations-used-for\/#primaryimage","url":"https:\/\/www.irht.fr\/wp-inside\/uploads\/2017\/01\/Fotolia_121570510_XL-690x380.jpg","contentUrl":"https:\/\/www.irht.fr\/wp-inside\/uploads\/2017\/01\/Fotolia_121570510_XL-690x380.jpg"},{"@type":"BreadcrumbList","@id":"https:\/\/www.irht.fr\/en\/participate\/donate\/what-are-donations-used-for\/#breadcrumb","itemListElement":[{"@type":"ListItem","position":1,"name":"Home","item":"https:\/\/www.irht.fr\/en\/"},{"@type":"ListItem","position":2,"name":"Participate","item":"https:\/\/www.irht.fr\/en\/participate\/"},{"@type":"ListItem","position":3,"name":"Donate","item":"https:\/\/www.irht.fr\/en\/participate\/donate\/"},{"@type":"ListItem","position":4,"name":"What are donations used for?"}]},{"@type":"WebSite","@id":"https:\/\/www.irht.fr\/en\/#website","url":"https:\/\/www.irht.fr\/en\/","name":"IRHT","description":"Institute of Research in Hematology and Transplantation","potentialAction":[{"@type":"SearchAction","target":{"@type":"EntryPoint","urlTemplate":"https:\/\/www.irht.fr\/en\/?s={search_term_string}"},"query-input":{"@type":"PropertyValueSpecification","valueRequired":true,"valueName":"search_term_string"}}],"inLanguage":"en-US"}]}},"_links":{"self":[{"href":"https:\/\/www.irht.fr\/en\/wp-json\/wp\/v2\/pages\/363","targetHints":{"allow":["GET"]}}],"collection":[{"href":"https:\/\/www.irht.fr\/en\/wp-json\/wp\/v2\/pages"}],"about":[{"href":"https:\/\/www.irht.fr\/en\/wp-json\/wp\/v2\/types\/page"}],"author":[{"embeddable":true,"href":"https:\/\/www.irht.fr\/en\/wp-json\/wp\/v2\/users\/2"}],"replies":[{"embeddable":true,"href":"https:\/\/www.irht.fr\/en\/wp-json\/wp\/v2\/comments?post=363"}],"version-history":[{"count":0,"href":"https:\/\/www.irht.fr\/en\/wp-json\/wp\/v2\/pages\/363\/revisions"}],"up":[{"embeddable":true,"href":"https:\/\/www.irht.fr\/en\/wp-json\/wp\/v2\/pages\/458"}],"wp:attachment":[{"href":"https:\/\/www.irht.fr\/en\/wp-json\/wp\/v2\/media?parent=363"}],"curies":[{"name":"wp","href":"https:\/\/api.w.org\/{rel}","templated":true}]}}