{"id":352,"date":"2017-01-26T14:20:17","date_gmt":"2017-01-26T13:20:17","guid":{"rendered":"https:\/\/www.irht.fr\/?page_id=352\/"},"modified":"2017-07-19T10:04:16","modified_gmt":"2017-07-19T08:04:16","slug":"press-area","status":"publish","type":"page","link":"https:\/\/www.irht.fr\/en\/press-area\/","title":{"rendered":"Press area"},"content":{"rendered":"<ul>\n<li><a href=\"https:\/\/www.irht.fr\/wp-inside\/uploads\/2017\/01\/plaquette-irht.pdf\" target=\"_blank\" rel=\"noopener\">IRHT&#8217;s brochure (PDF &#8211; French)<\/a><\/li>\n<li><a href=\"https:\/\/www.irht.fr\/wp-inside\/uploads\/2017\/01\/notice-notaires.pdf\" target=\"_blank\" rel=\"noopener\">Notary ad (PDF &#8211; French)<\/a><\/li>\n<li><a href=\"https:\/\/www.irht.fr\/wp-inside\/uploads\/2017\/01\/operation-tulipes-2017.pdf\" target=\"_blank\" rel=\"noopener\">Operation Tulipes 2017 (PDF &#8211; French)<\/a><\/li>\n<\/ul>\n<div id=\"attachment_1000\" class=\"wp-caption alignnone\" style=\"width:100%;max-width:690px\"><a href=\"https:\/\/www.irht.fr\/wp-inside\/uploads\/2017\/01\/logo-irht-690x282.png\"><img decoding=\"async\" src=\"https:\/\/www.irht.fr\/wp-inside\/uploads\/2017\/01\/logo-irht-690x282.png\" alt=\"Logo Institut de Recherche en H\u00e9matologie et Transplantation Mulhouse\" class=\"size-large\" \/><\/a><p class=\"wp-caption-text\">Logo IRHT<\/p><\/div>\n<div id=\"attachment_998\" class=\"wp-caption alignnone\" style=\"width:100%;max-width:690px\"><a href=\"https:\/\/www.irht.fr\/wp-inside\/uploads\/2017\/01\/logo-30-ans-irht-1.jpg\"><img decoding=\"async\" src=\"https:\/\/www.irht.fr\/wp-inside\/uploads\/2017\/01\/logo-30-ans-irht-1.jpg\" alt=\"Logo Anniversaire 30 ans de l'IRHT\" class=\"size-large\" \/><\/a><p class=\"wp-caption-text\">Logo 30 years IRHT<\/p><\/div>\n<div id=\"attachment_1007\" class=\"wp-caption alignnone\" style=\"width:100%;max-width:690px\"><a href=\"https:\/\/www.irht.fr\/wp-inside\/uploads\/2017\/01\/irht-30-ans.jpg\"><img decoding=\"async\" src=\"https:\/\/www.irht.fr\/wp-inside\/uploads\/2017\/01\/irht-30-ans.jpg\" alt=\"Anniversaire 30 ans IRHT\" class=\"size-large\" \/><\/a><p class=\"wp-caption-text\">Signature 30 years IRHT<\/p><\/div>\n","protected":false},"excerpt":{"rendered":"<p>IRHT&#8217;s brochure (PDF &#8211; French) Notary ad (PDF &#8211; French) Operation Tulipes 2017 (PDF &#8211; French)<\/p>\n","protected":false},"author":2,"featured_media":0,"parent":0,"menu_order":0,"comment_status":"closed","ping_status":"closed","template":"","meta":{"_acf_changed":false,"footnotes":""},"class_list":["post-352","page","type-page","status-publish","hentry","wp-sticky"],"acf":[],"yoast_head":"<!-- This site is optimized with the Yoast SEO plugin v27.3 - https:\/\/yoast.com\/product\/yoast-seo-wordpress\/ -->\n<title>Press area<\/title>\n<meta name=\"description\" content=\"L&#039;espace presse vous permet de savoir o\u00f9 en sont nos recherches et nos avanc\u00e9es m\u00e9dicales dans le domaine de la m\u00e9decine r\u00e9g\u00e9n\u00e9ratrice et l&#039;h\u00e9matologie.\" \/>\n<meta name=\"robots\" content=\"index, follow, max-snippet:-1, max-image-preview:large, max-video-preview:-1\" \/>\n<link rel=\"canonical\" href=\"https:\/\/www.irht.fr\/en\/press-area\/\" \/>\n<meta property=\"og:locale\" content=\"en_US\" \/>\n<meta property=\"og:type\" content=\"article\" \/>\n<meta property=\"og:title\" content=\"Press area\" \/>\n<meta property=\"og:description\" content=\"L&#039;espace presse vous permet de savoir o\u00f9 en sont nos recherches et nos avanc\u00e9es m\u00e9dicales dans le domaine de la m\u00e9decine r\u00e9g\u00e9n\u00e9ratrice et l&#039;h\u00e9matologie.\" \/>\n<meta property=\"og:url\" content=\"https:\/\/www.irht.fr\/en\/press-area\/\" \/>\n<meta property=\"og:site_name\" content=\"IRHT\" \/>\n<meta property=\"article:modified_time\" content=\"2017-07-19T08:04:16+00:00\" \/>\n<meta property=\"og:image\" content=\"https:\/\/www.irht.fr\/wp-inside\/uploads\/2017\/01\/logo-irht-690x282.png\" \/>\n<meta name=\"twitter:card\" content=\"summary_large_image\" \/>\n<script type=\"application\/ld+json\" class=\"yoast-schema-graph\">{\"@context\":\"https:\\\/\\\/schema.org\",\"@graph\":[{\"@type\":\"WebPage\",\"@id\":\"https:\\\/\\\/www.irht.fr\\\/en\\\/press-area\\\/\",\"url\":\"https:\\\/\\\/www.irht.fr\\\/en\\\/press-area\\\/\",\"name\":\"Press area\",\"isPartOf\":{\"@id\":\"https:\\\/\\\/www.irht.fr\\\/en\\\/#website\"},\"primaryImageOfPage\":{\"@id\":\"https:\\\/\\\/www.irht.fr\\\/en\\\/press-area\\\/#primaryimage\"},\"image\":{\"@id\":\"https:\\\/\\\/www.irht.fr\\\/en\\\/press-area\\\/#primaryimage\"},\"thumbnailUrl\":\"https:\\\/\\\/www.irht.fr\\\/wp-inside\\\/uploads\\\/2017\\\/01\\\/logo-irht-690x282.png\",\"datePublished\":\"2017-01-26T13:20:17+00:00\",\"dateModified\":\"2017-07-19T08:04:16+00:00\",\"description\":\"L'espace presse vous permet de savoir o\u00f9 en sont nos recherches et nos avanc\u00e9es m\u00e9dicales dans le domaine de la m\u00e9decine r\u00e9g\u00e9n\u00e9ratrice et l'h\u00e9matologie.\",\"breadcrumb\":{\"@id\":\"https:\\\/\\\/www.irht.fr\\\/en\\\/press-area\\\/#breadcrumb\"},\"inLanguage\":\"en-US\",\"potentialAction\":[{\"@type\":\"ReadAction\",\"target\":[\"https:\\\/\\\/www.irht.fr\\\/en\\\/press-area\\\/\"]}]},{\"@type\":\"ImageObject\",\"inLanguage\":\"en-US\",\"@id\":\"https:\\\/\\\/www.irht.fr\\\/en\\\/press-area\\\/#primaryimage\",\"url\":\"https:\\\/\\\/www.irht.fr\\\/wp-inside\\\/uploads\\\/2017\\\/01\\\/logo-irht-690x282.png\",\"contentUrl\":\"https:\\\/\\\/www.irht.fr\\\/wp-inside\\\/uploads\\\/2017\\\/01\\\/logo-irht-690x282.png\"},{\"@type\":\"BreadcrumbList\",\"@id\":\"https:\\\/\\\/www.irht.fr\\\/en\\\/press-area\\\/#breadcrumb\",\"itemListElement\":[{\"@type\":\"ListItem\",\"position\":1,\"name\":\"Home\",\"item\":\"https:\\\/\\\/www.irht.fr\\\/en\\\/\"},{\"@type\":\"ListItem\",\"position\":2,\"name\":\"Press area\"}]},{\"@type\":\"WebSite\",\"@id\":\"https:\\\/\\\/www.irht.fr\\\/en\\\/#website\",\"url\":\"https:\\\/\\\/www.irht.fr\\\/en\\\/\",\"name\":\"IRHT\",\"description\":\"Institute of Research in Hematology and Transplantation\",\"potentialAction\":[{\"@type\":\"SearchAction\",\"target\":{\"@type\":\"EntryPoint\",\"urlTemplate\":\"https:\\\/\\\/www.irht.fr\\\/en\\\/?s={search_term_string}\"},\"query-input\":{\"@type\":\"PropertyValueSpecification\",\"valueRequired\":true,\"valueName\":\"search_term_string\"}}],\"inLanguage\":\"en-US\"}]}<\/script>\n<!-- \/ Yoast SEO plugin. -->","yoast_head_json":{"title":"Press area","description":"L'espace presse vous permet de savoir o\u00f9 en sont nos recherches et nos avanc\u00e9es m\u00e9dicales dans le domaine de la m\u00e9decine r\u00e9g\u00e9n\u00e9ratrice et l'h\u00e9matologie.","robots":{"index":"index","follow":"follow","max-snippet":"max-snippet:-1","max-image-preview":"max-image-preview:large","max-video-preview":"max-video-preview:-1"},"canonical":"https:\/\/www.irht.fr\/en\/press-area\/","og_locale":"en_US","og_type":"article","og_title":"Press area","og_description":"L'espace presse vous permet de savoir o\u00f9 en sont nos recherches et nos avanc\u00e9es m\u00e9dicales dans le domaine de la m\u00e9decine r\u00e9g\u00e9n\u00e9ratrice et l'h\u00e9matologie.","og_url":"https:\/\/www.irht.fr\/en\/press-area\/","og_site_name":"IRHT","article_modified_time":"2017-07-19T08:04:16+00:00","og_image":[{"url":"https:\/\/www.irht.fr\/wp-inside\/uploads\/2017\/01\/logo-irht-690x282.png","type":"","width":"","height":""}],"twitter_card":"summary_large_image","schema":{"@context":"https:\/\/schema.org","@graph":[{"@type":"WebPage","@id":"https:\/\/www.irht.fr\/en\/press-area\/","url":"https:\/\/www.irht.fr\/en\/press-area\/","name":"Press area","isPartOf":{"@id":"https:\/\/www.irht.fr\/en\/#website"},"primaryImageOfPage":{"@id":"https:\/\/www.irht.fr\/en\/press-area\/#primaryimage"},"image":{"@id":"https:\/\/www.irht.fr\/en\/press-area\/#primaryimage"},"thumbnailUrl":"https:\/\/www.irht.fr\/wp-inside\/uploads\/2017\/01\/logo-irht-690x282.png","datePublished":"2017-01-26T13:20:17+00:00","dateModified":"2017-07-19T08:04:16+00:00","description":"L'espace presse vous permet de savoir o\u00f9 en sont nos recherches et nos avanc\u00e9es m\u00e9dicales dans le domaine de la m\u00e9decine r\u00e9g\u00e9n\u00e9ratrice et l'h\u00e9matologie.","breadcrumb":{"@id":"https:\/\/www.irht.fr\/en\/press-area\/#breadcrumb"},"inLanguage":"en-US","potentialAction":[{"@type":"ReadAction","target":["https:\/\/www.irht.fr\/en\/press-area\/"]}]},{"@type":"ImageObject","inLanguage":"en-US","@id":"https:\/\/www.irht.fr\/en\/press-area\/#primaryimage","url":"https:\/\/www.irht.fr\/wp-inside\/uploads\/2017\/01\/logo-irht-690x282.png","contentUrl":"https:\/\/www.irht.fr\/wp-inside\/uploads\/2017\/01\/logo-irht-690x282.png"},{"@type":"BreadcrumbList","@id":"https:\/\/www.irht.fr\/en\/press-area\/#breadcrumb","itemListElement":[{"@type":"ListItem","position":1,"name":"Home","item":"https:\/\/www.irht.fr\/en\/"},{"@type":"ListItem","position":2,"name":"Press area"}]},{"@type":"WebSite","@id":"https:\/\/www.irht.fr\/en\/#website","url":"https:\/\/www.irht.fr\/en\/","name":"IRHT","description":"Institute of Research in Hematology and Transplantation","potentialAction":[{"@type":"SearchAction","target":{"@type":"EntryPoint","urlTemplate":"https:\/\/www.irht.fr\/en\/?s={search_term_string}"},"query-input":{"@type":"PropertyValueSpecification","valueRequired":true,"valueName":"search_term_string"}}],"inLanguage":"en-US"}]}},"_links":{"self":[{"href":"https:\/\/www.irht.fr\/en\/wp-json\/wp\/v2\/pages\/352","targetHints":{"allow":["GET"]}}],"collection":[{"href":"https:\/\/www.irht.fr\/en\/wp-json\/wp\/v2\/pages"}],"about":[{"href":"https:\/\/www.irht.fr\/en\/wp-json\/wp\/v2\/types\/page"}],"author":[{"embeddable":true,"href":"https:\/\/www.irht.fr\/en\/wp-json\/wp\/v2\/users\/2"}],"replies":[{"embeddable":true,"href":"https:\/\/www.irht.fr\/en\/wp-json\/wp\/v2\/comments?post=352"}],"version-history":[{"count":0,"href":"https:\/\/www.irht.fr\/en\/wp-json\/wp\/v2\/pages\/352\/revisions"}],"wp:attachment":[{"href":"https:\/\/www.irht.fr\/en\/wp-json\/wp\/v2\/media?parent=352"}],"curies":[{"name":"wp","href":"https:\/\/api.w.org\/{rel}","templated":true}]}}