{"id":345,"date":"2017-01-23T18:40:40","date_gmt":"2017-01-23T17:40:40","guid":{"rendered":"https:\/\/www.irht.fr\/?page_id=345\/"},"modified":"2017-07-20T11:07:08","modified_gmt":"2017-07-20T09:07:08","slug":"our-research","status":"publish","type":"page","link":"https:\/\/www.irht.fr\/en\/understand\/our-research\/","title":{"rendered":"Our research"},"content":{"rendered":"<p><strong>Blood stem cells<\/strong> have always been the main thread of the IRHT researches.<\/p>\n<p><img decoding=\"async\" src=\"https:\/\/www.irht.fr\/wp-inside\/uploads\/2017\/01\/labo2-copie090912.jpg\" alt=\"Cellules Souches Sanguines, Traitement Leuc\u00e9mie\" class=\"aligncenter size-full\" \/>Our studies are divided into 3 complementary subjects whose objectives are:<\/p>\n<ul>\n<li>Identifying, understanding and multiplying <strong>adult pluripotent stem cells<\/strong> (VSEL)<\/li>\n<li>Studying <strong>cardiac differentiation of blood stem cells<\/strong><\/li>\n<li>Understanding the <strong>mechanisms of blood stem cell diseases<\/strong> that can develop into leukemia (Myelodysplastic syndromes)<\/li>\n<\/ul>\n","protected":false},"excerpt":{"rendered":"<p>Blood stem cells have always been the main thread of the IRHT researches. Our studies are divided into 3 complementary subjects whose objectives are: Identifying, understanding and multiplying adult pluripotent [&hellip;]<\/p>\n","protected":false},"author":2,"featured_media":0,"parent":339,"menu_order":20,"comment_status":"closed","ping_status":"closed","template":"template-carrefour.php","meta":{"_acf_changed":false,"footnotes":""},"class_list":["post-345","page","type-page","status-publish","hentry","wp-sticky"],"acf":[],"yoast_head":"<!-- This site is optimized with the Yoast SEO plugin v27.4 - https:\/\/yoast.com\/product\/yoast-seo-wordpress\/ -->\n<title>Our research<\/title>\n<meta name=\"description\" content=\"Les travaux men\u00e9s par l&#039;IRHT ont pour but d&#039;identifier, d&#039;\u00e9tudier et de comprendre les m\u00e9canismes des maladies des cellules souches sanguines pouvant \u00e9voluer en leuc\u00e9mies.\" \/>\n<meta name=\"robots\" content=\"index, follow, max-snippet:-1, max-image-preview:large, max-video-preview:-1\" \/>\n<link rel=\"canonical\" href=\"https:\/\/www.irht.fr\/en\/understand\/our-research\/\" \/>\n<meta property=\"og:locale\" content=\"en_US\" \/>\n<meta property=\"og:type\" content=\"article\" \/>\n<meta property=\"og:title\" content=\"Our research\" \/>\n<meta property=\"og:description\" content=\"Les travaux men\u00e9s par l&#039;IRHT ont pour but d&#039;identifier, d&#039;\u00e9tudier et de comprendre les m\u00e9canismes des maladies des cellules souches sanguines pouvant \u00e9voluer en leuc\u00e9mies.\" \/>\n<meta property=\"og:url\" content=\"https:\/\/www.irht.fr\/en\/understand\/our-research\/\" \/>\n<meta property=\"og:site_name\" content=\"IRHT\" \/>\n<meta property=\"article:modified_time\" content=\"2017-07-20T09:07:08+00:00\" \/>\n<meta property=\"og:image\" content=\"https:\/\/www.irht.fr\/wp-inside\/uploads\/2017\/01\/labo2-copie090912.jpg\" \/>\n<meta name=\"twitter:card\" content=\"summary_large_image\" \/>\n<script type=\"application\/ld+json\" class=\"yoast-schema-graph\">{\"@context\":\"https:\\\/\\\/schema.org\",\"@graph\":[{\"@type\":\"WebPage\",\"@id\":\"https:\\\/\\\/www.irht.fr\\\/en\\\/understand\\\/our-research\\\/\",\"url\":\"https:\\\/\\\/www.irht.fr\\\/en\\\/understand\\\/our-research\\\/\",\"name\":\"Our research\",\"isPartOf\":{\"@id\":\"https:\\\/\\\/www.irht.fr\\\/en\\\/#website\"},\"primaryImageOfPage\":{\"@id\":\"https:\\\/\\\/www.irht.fr\\\/en\\\/understand\\\/our-research\\\/#primaryimage\"},\"image\":{\"@id\":\"https:\\\/\\\/www.irht.fr\\\/en\\\/understand\\\/our-research\\\/#primaryimage\"},\"thumbnailUrl\":\"https:\\\/\\\/www.irht.fr\\\/wp-inside\\\/uploads\\\/2017\\\/01\\\/labo2-copie090912.jpg\",\"datePublished\":\"2017-01-23T17:40:40+00:00\",\"dateModified\":\"2017-07-20T09:07:08+00:00\",\"description\":\"Les travaux men\u00e9s par l'IRHT ont pour but d'identifier, d'\u00e9tudier et de comprendre les m\u00e9canismes des maladies des cellules souches sanguines pouvant \u00e9voluer en leuc\u00e9mies.\",\"breadcrumb\":{\"@id\":\"https:\\\/\\\/www.irht.fr\\\/en\\\/understand\\\/our-research\\\/#breadcrumb\"},\"inLanguage\":\"en-US\",\"potentialAction\":[{\"@type\":\"ReadAction\",\"target\":[\"https:\\\/\\\/www.irht.fr\\\/en\\\/understand\\\/our-research\\\/\"]}]},{\"@type\":\"ImageObject\",\"inLanguage\":\"en-US\",\"@id\":\"https:\\\/\\\/www.irht.fr\\\/en\\\/understand\\\/our-research\\\/#primaryimage\",\"url\":\"https:\\\/\\\/www.irht.fr\\\/wp-inside\\\/uploads\\\/2017\\\/01\\\/labo2-copie090912.jpg\",\"contentUrl\":\"https:\\\/\\\/www.irht.fr\\\/wp-inside\\\/uploads\\\/2017\\\/01\\\/labo2-copie090912.jpg\"},{\"@type\":\"BreadcrumbList\",\"@id\":\"https:\\\/\\\/www.irht.fr\\\/en\\\/understand\\\/our-research\\\/#breadcrumb\",\"itemListElement\":[{\"@type\":\"ListItem\",\"position\":1,\"name\":\"Home\",\"item\":\"https:\\\/\\\/www.irht.fr\\\/en\\\/\"},{\"@type\":\"ListItem\",\"position\":2,\"name\":\"Understand\",\"item\":\"https:\\\/\\\/www.irht.fr\\\/en\\\/understand\\\/\"},{\"@type\":\"ListItem\",\"position\":3,\"name\":\"Our research\"}]},{\"@type\":\"WebSite\",\"@id\":\"https:\\\/\\\/www.irht.fr\\\/en\\\/#website\",\"url\":\"https:\\\/\\\/www.irht.fr\\\/en\\\/\",\"name\":\"IRHT\",\"description\":\"Institute of Research in Hematology and Transplantation\",\"potentialAction\":[{\"@type\":\"SearchAction\",\"target\":{\"@type\":\"EntryPoint\",\"urlTemplate\":\"https:\\\/\\\/www.irht.fr\\\/en\\\/?s={search_term_string}\"},\"query-input\":{\"@type\":\"PropertyValueSpecification\",\"valueRequired\":true,\"valueName\":\"search_term_string\"}}],\"inLanguage\":\"en-US\"}]}<\/script>\n<!-- \/ Yoast SEO plugin. -->","yoast_head_json":{"title":"Our research","description":"Les travaux men\u00e9s par l'IRHT ont pour but d'identifier, d'\u00e9tudier et de comprendre les m\u00e9canismes des maladies des cellules souches sanguines pouvant \u00e9voluer en leuc\u00e9mies.","robots":{"index":"index","follow":"follow","max-snippet":"max-snippet:-1","max-image-preview":"max-image-preview:large","max-video-preview":"max-video-preview:-1"},"canonical":"https:\/\/www.irht.fr\/en\/understand\/our-research\/","og_locale":"en_US","og_type":"article","og_title":"Our research","og_description":"Les travaux men\u00e9s par l'IRHT ont pour but d'identifier, d'\u00e9tudier et de comprendre les m\u00e9canismes des maladies des cellules souches sanguines pouvant \u00e9voluer en leuc\u00e9mies.","og_url":"https:\/\/www.irht.fr\/en\/understand\/our-research\/","og_site_name":"IRHT","article_modified_time":"2017-07-20T09:07:08+00:00","og_image":[{"url":"https:\/\/www.irht.fr\/wp-inside\/uploads\/2017\/01\/labo2-copie090912.jpg","type":"","width":"","height":""}],"twitter_card":"summary_large_image","schema":{"@context":"https:\/\/schema.org","@graph":[{"@type":"WebPage","@id":"https:\/\/www.irht.fr\/en\/understand\/our-research\/","url":"https:\/\/www.irht.fr\/en\/understand\/our-research\/","name":"Our research","isPartOf":{"@id":"https:\/\/www.irht.fr\/en\/#website"},"primaryImageOfPage":{"@id":"https:\/\/www.irht.fr\/en\/understand\/our-research\/#primaryimage"},"image":{"@id":"https:\/\/www.irht.fr\/en\/understand\/our-research\/#primaryimage"},"thumbnailUrl":"https:\/\/www.irht.fr\/wp-inside\/uploads\/2017\/01\/labo2-copie090912.jpg","datePublished":"2017-01-23T17:40:40+00:00","dateModified":"2017-07-20T09:07:08+00:00","description":"Les travaux men\u00e9s par l'IRHT ont pour but d'identifier, d'\u00e9tudier et de comprendre les m\u00e9canismes des maladies des cellules souches sanguines pouvant \u00e9voluer en leuc\u00e9mies.","breadcrumb":{"@id":"https:\/\/www.irht.fr\/en\/understand\/our-research\/#breadcrumb"},"inLanguage":"en-US","potentialAction":[{"@type":"ReadAction","target":["https:\/\/www.irht.fr\/en\/understand\/our-research\/"]}]},{"@type":"ImageObject","inLanguage":"en-US","@id":"https:\/\/www.irht.fr\/en\/understand\/our-research\/#primaryimage","url":"https:\/\/www.irht.fr\/wp-inside\/uploads\/2017\/01\/labo2-copie090912.jpg","contentUrl":"https:\/\/www.irht.fr\/wp-inside\/uploads\/2017\/01\/labo2-copie090912.jpg"},{"@type":"BreadcrumbList","@id":"https:\/\/www.irht.fr\/en\/understand\/our-research\/#breadcrumb","itemListElement":[{"@type":"ListItem","position":1,"name":"Home","item":"https:\/\/www.irht.fr\/en\/"},{"@type":"ListItem","position":2,"name":"Understand","item":"https:\/\/www.irht.fr\/en\/understand\/"},{"@type":"ListItem","position":3,"name":"Our research"}]},{"@type":"WebSite","@id":"https:\/\/www.irht.fr\/en\/#website","url":"https:\/\/www.irht.fr\/en\/","name":"IRHT","description":"Institute of Research in Hematology and Transplantation","potentialAction":[{"@type":"SearchAction","target":{"@type":"EntryPoint","urlTemplate":"https:\/\/www.irht.fr\/en\/?s={search_term_string}"},"query-input":{"@type":"PropertyValueSpecification","valueRequired":true,"valueName":"search_term_string"}}],"inLanguage":"en-US"}]}},"_links":{"self":[{"href":"https:\/\/www.irht.fr\/en\/wp-json\/wp\/v2\/pages\/345","targetHints":{"allow":["GET"]}}],"collection":[{"href":"https:\/\/www.irht.fr\/en\/wp-json\/wp\/v2\/pages"}],"about":[{"href":"https:\/\/www.irht.fr\/en\/wp-json\/wp\/v2\/types\/page"}],"author":[{"embeddable":true,"href":"https:\/\/www.irht.fr\/en\/wp-json\/wp\/v2\/users\/2"}],"replies":[{"embeddable":true,"href":"https:\/\/www.irht.fr\/en\/wp-json\/wp\/v2\/comments?post=345"}],"version-history":[{"count":0,"href":"https:\/\/www.irht.fr\/en\/wp-json\/wp\/v2\/pages\/345\/revisions"}],"up":[{"embeddable":true,"href":"https:\/\/www.irht.fr\/en\/wp-json\/wp\/v2\/pages\/339"}],"wp:attachment":[{"href":"https:\/\/www.irht.fr\/en\/wp-json\/wp\/v2\/media?parent=345"}],"curies":[{"name":"wp","href":"https:\/\/api.w.org\/{rel}","templated":true}]}}