{"id":343,"date":"2017-01-23T18:40:22","date_gmt":"2017-01-23T17:40:22","guid":{"rendered":"https:\/\/www.irht.fr\/?page_id=343\/"},"modified":"2017-07-12T10:51:54","modified_gmt":"2017-07-12T08:51:54","slug":"team","status":"publish","type":"page","link":"https:\/\/www.irht.fr\/en\/understand\/irht\/about-association\/team\/","title":{"rendered":"The IRHT team"},"content":{"rendered":"<p>To carry out its research, IRHT is employing a team composed of 3 researchers, 3 laboratory technicians, a management assistant and 2 technical assistants.<\/p>\n<p>Although working on different subjects, IRHT staff strongly interacts with each other allowing for successful of IRHT researches and events organizations (Operation &#8220;Tulipes \u00e0 C\u0153ur&#8221;, &#8230;)<\/p>\n","protected":false},"excerpt":{"rendered":"<p>To carry out its research, IRHT is employing a team composed of 3 researchers, 3 laboratory technicians, a management assistant and 2 technical assistants. Although working on different subjects, IRHT [&hellip;]<\/p>\n","protected":false},"author":2,"featured_media":0,"parent":342,"menu_order":10,"comment_status":"closed","ping_status":"closed","template":"template-members.php","meta":{"_acf_changed":false,"footnotes":""},"class_list":["post-343","page","type-page","status-publish","hentry","wp-sticky"],"acf":[],"yoast_head":"<!-- This site is optimized with the Yoast SEO plugin v27.5 - https:\/\/yoast.com\/product\/yoast-seo-wordpress\/ -->\n<title>The IRHT team<\/title>\n<meta name=\"description\" content=\"L\u2019IRHT emploie une \u00e9quipe comp\u00e9tente compos\u00e9e de 3 chercheurs, 3 techniciens de laboratoires, une assistante de gestions et 2 assistantes techniques.\" \/>\n<meta name=\"robots\" content=\"index, follow, max-snippet:-1, max-image-preview:large, max-video-preview:-1\" \/>\n<link rel=\"canonical\" href=\"https:\/\/www.irht.fr\/en\/understand\/irht\/about-association\/team\/\" \/>\n<meta property=\"og:locale\" content=\"en_US\" \/>\n<meta property=\"og:type\" content=\"article\" \/>\n<meta property=\"og:title\" content=\"The IRHT team\" \/>\n<meta property=\"og:description\" content=\"L\u2019IRHT emploie une \u00e9quipe comp\u00e9tente compos\u00e9e de 3 chercheurs, 3 techniciens de laboratoires, une assistante de gestions et 2 assistantes techniques.\" \/>\n<meta property=\"og:url\" content=\"https:\/\/www.irht.fr\/en\/understand\/irht\/about-association\/team\/\" \/>\n<meta property=\"og:site_name\" content=\"IRHT\" \/>\n<meta property=\"article:modified_time\" content=\"2017-07-12T08:51:54+00:00\" \/>\n<meta name=\"twitter:card\" content=\"summary_large_image\" \/>\n<script type=\"application\/ld+json\" class=\"yoast-schema-graph\">{\"@context\":\"https:\\\/\\\/schema.org\",\"@graph\":[{\"@type\":\"WebPage\",\"@id\":\"https:\\\/\\\/www.irht.fr\\\/en\\\/understand\\\/irht\\\/about-association\\\/team\\\/\",\"url\":\"https:\\\/\\\/www.irht.fr\\\/en\\\/understand\\\/irht\\\/about-association\\\/team\\\/\",\"name\":\"The IRHT team\",\"isPartOf\":{\"@id\":\"https:\\\/\\\/www.irht.fr\\\/en\\\/#website\"},\"datePublished\":\"2017-01-23T17:40:22+00:00\",\"dateModified\":\"2017-07-12T08:51:54+00:00\",\"description\":\"L\u2019IRHT emploie une \u00e9quipe comp\u00e9tente compos\u00e9e de 3 chercheurs, 3 techniciens de laboratoires, une assistante de gestions et 2 assistantes techniques.\",\"breadcrumb\":{\"@id\":\"https:\\\/\\\/www.irht.fr\\\/en\\\/understand\\\/irht\\\/about-association\\\/team\\\/#breadcrumb\"},\"inLanguage\":\"en-US\",\"potentialAction\":[{\"@type\":\"ReadAction\",\"target\":[\"https:\\\/\\\/www.irht.fr\\\/en\\\/understand\\\/irht\\\/about-association\\\/team\\\/\"]}]},{\"@type\":\"BreadcrumbList\",\"@id\":\"https:\\\/\\\/www.irht.fr\\\/en\\\/understand\\\/irht\\\/about-association\\\/team\\\/#breadcrumb\",\"itemListElement\":[{\"@type\":\"ListItem\",\"position\":1,\"name\":\"Home\",\"item\":\"https:\\\/\\\/www.irht.fr\\\/en\\\/\"},{\"@type\":\"ListItem\",\"position\":2,\"name\":\"Understand\",\"item\":\"https:\\\/\\\/www.irht.fr\\\/en\\\/understand\\\/\"},{\"@type\":\"ListItem\",\"position\":3,\"name\":\"Who are we?\",\"item\":\"https:\\\/\\\/www.irht.fr\\\/en\\\/understand\\\/irht\\\/\"},{\"@type\":\"ListItem\",\"position\":4,\"name\":\"About the IRHT association\",\"item\":\"https:\\\/\\\/www.irht.fr\\\/en\\\/understand\\\/irht\\\/about-association\\\/\"},{\"@type\":\"ListItem\",\"position\":5,\"name\":\"The IRHT team\"}]},{\"@type\":\"WebSite\",\"@id\":\"https:\\\/\\\/www.irht.fr\\\/en\\\/#website\",\"url\":\"https:\\\/\\\/www.irht.fr\\\/en\\\/\",\"name\":\"IRHT\",\"description\":\"Institute of Research in Hematology and Transplantation\",\"potentialAction\":[{\"@type\":\"SearchAction\",\"target\":{\"@type\":\"EntryPoint\",\"urlTemplate\":\"https:\\\/\\\/www.irht.fr\\\/en\\\/?s={search_term_string}\"},\"query-input\":{\"@type\":\"PropertyValueSpecification\",\"valueRequired\":true,\"valueName\":\"search_term_string\"}}],\"inLanguage\":\"en-US\"}]}<\/script>\n<!-- \/ Yoast SEO plugin. -->","yoast_head_json":{"title":"The IRHT team","description":"L\u2019IRHT emploie une \u00e9quipe comp\u00e9tente compos\u00e9e de 3 chercheurs, 3 techniciens de laboratoires, une assistante de gestions et 2 assistantes techniques.","robots":{"index":"index","follow":"follow","max-snippet":"max-snippet:-1","max-image-preview":"max-image-preview:large","max-video-preview":"max-video-preview:-1"},"canonical":"https:\/\/www.irht.fr\/en\/understand\/irht\/about-association\/team\/","og_locale":"en_US","og_type":"article","og_title":"The IRHT team","og_description":"L\u2019IRHT emploie une \u00e9quipe comp\u00e9tente compos\u00e9e de 3 chercheurs, 3 techniciens de laboratoires, une assistante de gestions et 2 assistantes techniques.","og_url":"https:\/\/www.irht.fr\/en\/understand\/irht\/about-association\/team\/","og_site_name":"IRHT","article_modified_time":"2017-07-12T08:51:54+00:00","twitter_card":"summary_large_image","schema":{"@context":"https:\/\/schema.org","@graph":[{"@type":"WebPage","@id":"https:\/\/www.irht.fr\/en\/understand\/irht\/about-association\/team\/","url":"https:\/\/www.irht.fr\/en\/understand\/irht\/about-association\/team\/","name":"The IRHT team","isPartOf":{"@id":"https:\/\/www.irht.fr\/en\/#website"},"datePublished":"2017-01-23T17:40:22+00:00","dateModified":"2017-07-12T08:51:54+00:00","description":"L\u2019IRHT emploie une \u00e9quipe comp\u00e9tente compos\u00e9e de 3 chercheurs, 3 techniciens de laboratoires, une assistante de gestions et 2 assistantes techniques.","breadcrumb":{"@id":"https:\/\/www.irht.fr\/en\/understand\/irht\/about-association\/team\/#breadcrumb"},"inLanguage":"en-US","potentialAction":[{"@type":"ReadAction","target":["https:\/\/www.irht.fr\/en\/understand\/irht\/about-association\/team\/"]}]},{"@type":"BreadcrumbList","@id":"https:\/\/www.irht.fr\/en\/understand\/irht\/about-association\/team\/#breadcrumb","itemListElement":[{"@type":"ListItem","position":1,"name":"Home","item":"https:\/\/www.irht.fr\/en\/"},{"@type":"ListItem","position":2,"name":"Understand","item":"https:\/\/www.irht.fr\/en\/understand\/"},{"@type":"ListItem","position":3,"name":"Who are we?","item":"https:\/\/www.irht.fr\/en\/understand\/irht\/"},{"@type":"ListItem","position":4,"name":"About the IRHT association","item":"https:\/\/www.irht.fr\/en\/understand\/irht\/about-association\/"},{"@type":"ListItem","position":5,"name":"The IRHT team"}]},{"@type":"WebSite","@id":"https:\/\/www.irht.fr\/en\/#website","url":"https:\/\/www.irht.fr\/en\/","name":"IRHT","description":"Institute of Research in Hematology and Transplantation","potentialAction":[{"@type":"SearchAction","target":{"@type":"EntryPoint","urlTemplate":"https:\/\/www.irht.fr\/en\/?s={search_term_string}"},"query-input":{"@type":"PropertyValueSpecification","valueRequired":true,"valueName":"search_term_string"}}],"inLanguage":"en-US"}]}},"_links":{"self":[{"href":"https:\/\/www.irht.fr\/en\/wp-json\/wp\/v2\/pages\/343","targetHints":{"allow":["GET"]}}],"collection":[{"href":"https:\/\/www.irht.fr\/en\/wp-json\/wp\/v2\/pages"}],"about":[{"href":"https:\/\/www.irht.fr\/en\/wp-json\/wp\/v2\/types\/page"}],"author":[{"embeddable":true,"href":"https:\/\/www.irht.fr\/en\/wp-json\/wp\/v2\/users\/2"}],"replies":[{"embeddable":true,"href":"https:\/\/www.irht.fr\/en\/wp-json\/wp\/v2\/comments?post=343"}],"version-history":[{"count":0,"href":"https:\/\/www.irht.fr\/en\/wp-json\/wp\/v2\/pages\/343\/revisions"}],"up":[{"embeddable":true,"href":"https:\/\/www.irht.fr\/en\/wp-json\/wp\/v2\/pages\/342"}],"wp:attachment":[{"href":"https:\/\/www.irht.fr\/en\/wp-json\/wp\/v2\/media?parent=343"}],"curies":[{"name":"wp","href":"https:\/\/api.w.org\/{rel}","templated":true}]}}