{"id":342,"date":"2017-01-23T18:39:43","date_gmt":"2017-01-23T17:39:43","guid":{"rendered":"https:\/\/www.irht.fr\/?page_id=342\/"},"modified":"2017-07-19T12:06:09","modified_gmt":"2017-07-19T10:06:09","slug":"about-association","status":"publish","type":"page","link":"https:\/\/www.irht.fr\/en\/understand\/irht\/about-association\/","title":{"rendered":"About the IRHT association"},"content":{"rendered":"<p>The Institute of Research in Hematology and Transplantation is a <strong>not -profit and of public utility recognized association<\/strong>.<\/p>\n<p><img decoding=\"async\" src=\"https:\/\/www.irht.fr\/wp-inside\/uploads\/2017\/01\/Vie-de-lassociation-690x518.jpg\" alt=\"Association, Institut de Recherche en H\u00e9matologie et Transplantation\" class=\"aligncenter size-large\" \/><\/p>\n<p>Like any association, a board of directors monitors and validates its management and the research carried. Its management is transparent and available.<\/p>\n<p>To carry out its research, the IRHT employs <strong>a team composed of researchers, laboratory technicians and management or technical assistants<\/strong>.<\/p>\n","protected":false},"excerpt":{"rendered":"<p>L\u2019IRHT est une association \u00e0 but non lucratif et reconnue d\u2019utilit\u00e9 publique qui emploie une \u00e9quipe compos\u00e9e de chercheurs, de techniciens de laboratoires et d\u2019assistants de gestions et techniques.<\/p>\n","protected":false},"author":2,"featured_media":0,"parent":340,"menu_order":20,"comment_status":"closed","ping_status":"closed","template":"template-carrefour.php","meta":{"_acf_changed":false,"footnotes":""},"class_list":["post-342","page","type-page","status-publish","hentry","wp-sticky"],"acf":[],"yoast_head":"<!-- This site is optimized with the Yoast SEO plugin v27.4 - https:\/\/yoast.com\/product\/yoast-seo-wordpress\/ -->\n<title>About the IRHT association<\/title>\n<meta name=\"description\" content=\"L\u2019IRHT est une association \u00e0 but non lucratif et reconnue d\u2019utilit\u00e9 publique qui emploie une \u00e9quipe compos\u00e9e de chercheurs, de techniciens de laboratoires et d\u2019assistants de gestions et techniques.\" \/>\n<meta name=\"robots\" content=\"index, follow, max-snippet:-1, max-image-preview:large, max-video-preview:-1\" \/>\n<link rel=\"canonical\" href=\"https:\/\/www.irht.fr\/en\/understand\/irht\/about-association\/\" \/>\n<meta property=\"og:locale\" content=\"en_US\" \/>\n<meta property=\"og:type\" content=\"article\" \/>\n<meta property=\"og:title\" content=\"About the IRHT association\" \/>\n<meta property=\"og:description\" content=\"L\u2019IRHT est une association \u00e0 but non lucratif et reconnue d\u2019utilit\u00e9 publique qui emploie une \u00e9quipe compos\u00e9e de chercheurs, de techniciens de laboratoires et d\u2019assistants de gestions et techniques.\" \/>\n<meta property=\"og:url\" content=\"https:\/\/www.irht.fr\/en\/understand\/irht\/about-association\/\" \/>\n<meta property=\"og:site_name\" content=\"IRHT\" \/>\n<meta property=\"article:modified_time\" content=\"2017-07-19T10:06:09+00:00\" \/>\n<meta property=\"og:image\" content=\"https:\/\/www.irht.fr\/wp-inside\/uploads\/2017\/01\/Vie-de-lassociation-690x518.jpg\" \/>\n<meta name=\"twitter:card\" content=\"summary_large_image\" \/>\n<script type=\"application\/ld+json\" class=\"yoast-schema-graph\">{\"@context\":\"https:\\\/\\\/schema.org\",\"@graph\":[{\"@type\":\"WebPage\",\"@id\":\"https:\\\/\\\/www.irht.fr\\\/en\\\/understand\\\/irht\\\/about-association\\\/\",\"url\":\"https:\\\/\\\/www.irht.fr\\\/en\\\/understand\\\/irht\\\/about-association\\\/\",\"name\":\"About the IRHT association\",\"isPartOf\":{\"@id\":\"https:\\\/\\\/www.irht.fr\\\/en\\\/#website\"},\"primaryImageOfPage\":{\"@id\":\"https:\\\/\\\/www.irht.fr\\\/en\\\/understand\\\/irht\\\/about-association\\\/#primaryimage\"},\"image\":{\"@id\":\"https:\\\/\\\/www.irht.fr\\\/en\\\/understand\\\/irht\\\/about-association\\\/#primaryimage\"},\"thumbnailUrl\":\"https:\\\/\\\/www.irht.fr\\\/wp-inside\\\/uploads\\\/2017\\\/01\\\/Vie-de-lassociation-690x518.jpg\",\"datePublished\":\"2017-01-23T17:39:43+00:00\",\"dateModified\":\"2017-07-19T10:06:09+00:00\",\"description\":\"L\u2019IRHT est une association \u00e0 but non lucratif et reconnue d\u2019utilit\u00e9 publique qui emploie une \u00e9quipe compos\u00e9e de chercheurs, de techniciens de laboratoires et d\u2019assistants de gestions et techniques.\",\"breadcrumb\":{\"@id\":\"https:\\\/\\\/www.irht.fr\\\/en\\\/understand\\\/irht\\\/about-association\\\/#breadcrumb\"},\"inLanguage\":\"en-US\",\"potentialAction\":[{\"@type\":\"ReadAction\",\"target\":[\"https:\\\/\\\/www.irht.fr\\\/en\\\/understand\\\/irht\\\/about-association\\\/\"]}]},{\"@type\":\"ImageObject\",\"inLanguage\":\"en-US\",\"@id\":\"https:\\\/\\\/www.irht.fr\\\/en\\\/understand\\\/irht\\\/about-association\\\/#primaryimage\",\"url\":\"https:\\\/\\\/www.irht.fr\\\/wp-inside\\\/uploads\\\/2017\\\/01\\\/Vie-de-lassociation-690x518.jpg\",\"contentUrl\":\"https:\\\/\\\/www.irht.fr\\\/wp-inside\\\/uploads\\\/2017\\\/01\\\/Vie-de-lassociation-690x518.jpg\"},{\"@type\":\"BreadcrumbList\",\"@id\":\"https:\\\/\\\/www.irht.fr\\\/en\\\/understand\\\/irht\\\/about-association\\\/#breadcrumb\",\"itemListElement\":[{\"@type\":\"ListItem\",\"position\":1,\"name\":\"Home\",\"item\":\"https:\\\/\\\/www.irht.fr\\\/en\\\/\"},{\"@type\":\"ListItem\",\"position\":2,\"name\":\"Understand\",\"item\":\"https:\\\/\\\/www.irht.fr\\\/en\\\/understand\\\/\"},{\"@type\":\"ListItem\",\"position\":3,\"name\":\"Who are we?\",\"item\":\"https:\\\/\\\/www.irht.fr\\\/en\\\/understand\\\/irht\\\/\"},{\"@type\":\"ListItem\",\"position\":4,\"name\":\"About the IRHT association\"}]},{\"@type\":\"WebSite\",\"@id\":\"https:\\\/\\\/www.irht.fr\\\/en\\\/#website\",\"url\":\"https:\\\/\\\/www.irht.fr\\\/en\\\/\",\"name\":\"IRHT\",\"description\":\"Institute of Research in Hematology and Transplantation\",\"potentialAction\":[{\"@type\":\"SearchAction\",\"target\":{\"@type\":\"EntryPoint\",\"urlTemplate\":\"https:\\\/\\\/www.irht.fr\\\/en\\\/?s={search_term_string}\"},\"query-input\":{\"@type\":\"PropertyValueSpecification\",\"valueRequired\":true,\"valueName\":\"search_term_string\"}}],\"inLanguage\":\"en-US\"}]}<\/script>\n<!-- \/ Yoast SEO plugin. -->","yoast_head_json":{"title":"About the IRHT association","description":"L\u2019IRHT est une association \u00e0 but non lucratif et reconnue d\u2019utilit\u00e9 publique qui emploie une \u00e9quipe compos\u00e9e de chercheurs, de techniciens de laboratoires et d\u2019assistants de gestions et techniques.","robots":{"index":"index","follow":"follow","max-snippet":"max-snippet:-1","max-image-preview":"max-image-preview:large","max-video-preview":"max-video-preview:-1"},"canonical":"https:\/\/www.irht.fr\/en\/understand\/irht\/about-association\/","og_locale":"en_US","og_type":"article","og_title":"About the IRHT association","og_description":"L\u2019IRHT est une association \u00e0 but non lucratif et reconnue d\u2019utilit\u00e9 publique qui emploie une \u00e9quipe compos\u00e9e de chercheurs, de techniciens de laboratoires et d\u2019assistants de gestions et techniques.","og_url":"https:\/\/www.irht.fr\/en\/understand\/irht\/about-association\/","og_site_name":"IRHT","article_modified_time":"2017-07-19T10:06:09+00:00","og_image":[{"url":"https:\/\/www.irht.fr\/wp-inside\/uploads\/2017\/01\/Vie-de-lassociation-690x518.jpg","type":"","width":"","height":""}],"twitter_card":"summary_large_image","schema":{"@context":"https:\/\/schema.org","@graph":[{"@type":"WebPage","@id":"https:\/\/www.irht.fr\/en\/understand\/irht\/about-association\/","url":"https:\/\/www.irht.fr\/en\/understand\/irht\/about-association\/","name":"About the IRHT association","isPartOf":{"@id":"https:\/\/www.irht.fr\/en\/#website"},"primaryImageOfPage":{"@id":"https:\/\/www.irht.fr\/en\/understand\/irht\/about-association\/#primaryimage"},"image":{"@id":"https:\/\/www.irht.fr\/en\/understand\/irht\/about-association\/#primaryimage"},"thumbnailUrl":"https:\/\/www.irht.fr\/wp-inside\/uploads\/2017\/01\/Vie-de-lassociation-690x518.jpg","datePublished":"2017-01-23T17:39:43+00:00","dateModified":"2017-07-19T10:06:09+00:00","description":"L\u2019IRHT est une association \u00e0 but non lucratif et reconnue d\u2019utilit\u00e9 publique qui emploie une \u00e9quipe compos\u00e9e de chercheurs, de techniciens de laboratoires et d\u2019assistants de gestions et techniques.","breadcrumb":{"@id":"https:\/\/www.irht.fr\/en\/understand\/irht\/about-association\/#breadcrumb"},"inLanguage":"en-US","potentialAction":[{"@type":"ReadAction","target":["https:\/\/www.irht.fr\/en\/understand\/irht\/about-association\/"]}]},{"@type":"ImageObject","inLanguage":"en-US","@id":"https:\/\/www.irht.fr\/en\/understand\/irht\/about-association\/#primaryimage","url":"https:\/\/www.irht.fr\/wp-inside\/uploads\/2017\/01\/Vie-de-lassociation-690x518.jpg","contentUrl":"https:\/\/www.irht.fr\/wp-inside\/uploads\/2017\/01\/Vie-de-lassociation-690x518.jpg"},{"@type":"BreadcrumbList","@id":"https:\/\/www.irht.fr\/en\/understand\/irht\/about-association\/#breadcrumb","itemListElement":[{"@type":"ListItem","position":1,"name":"Home","item":"https:\/\/www.irht.fr\/en\/"},{"@type":"ListItem","position":2,"name":"Understand","item":"https:\/\/www.irht.fr\/en\/understand\/"},{"@type":"ListItem","position":3,"name":"Who are we?","item":"https:\/\/www.irht.fr\/en\/understand\/irht\/"},{"@type":"ListItem","position":4,"name":"About the IRHT association"}]},{"@type":"WebSite","@id":"https:\/\/www.irht.fr\/en\/#website","url":"https:\/\/www.irht.fr\/en\/","name":"IRHT","description":"Institute of Research in Hematology and Transplantation","potentialAction":[{"@type":"SearchAction","target":{"@type":"EntryPoint","urlTemplate":"https:\/\/www.irht.fr\/en\/?s={search_term_string}"},"query-input":{"@type":"PropertyValueSpecification","valueRequired":true,"valueName":"search_term_string"}}],"inLanguage":"en-US"}]}},"_links":{"self":[{"href":"https:\/\/www.irht.fr\/en\/wp-json\/wp\/v2\/pages\/342","targetHints":{"allow":["GET"]}}],"collection":[{"href":"https:\/\/www.irht.fr\/en\/wp-json\/wp\/v2\/pages"}],"about":[{"href":"https:\/\/www.irht.fr\/en\/wp-json\/wp\/v2\/types\/page"}],"author":[{"embeddable":true,"href":"https:\/\/www.irht.fr\/en\/wp-json\/wp\/v2\/users\/2"}],"replies":[{"embeddable":true,"href":"https:\/\/www.irht.fr\/en\/wp-json\/wp\/v2\/comments?post=342"}],"version-history":[{"count":0,"href":"https:\/\/www.irht.fr\/en\/wp-json\/wp\/v2\/pages\/342\/revisions"}],"up":[{"embeddable":true,"href":"https:\/\/www.irht.fr\/en\/wp-json\/wp\/v2\/pages\/340"}],"wp:attachment":[{"href":"https:\/\/www.irht.fr\/en\/wp-json\/wp\/v2\/media?parent=342"}],"curies":[{"name":"wp","href":"https:\/\/api.w.org\/{rel}","templated":true}]}}