{"id":258,"date":"2017-01-23T18:30:26","date_gmt":"2017-01-23T17:30:26","guid":{"rendered":"https:\/\/www.irht.fr\/?page_id=258\/"},"modified":"2017-07-05T10:36:50","modified_gmt":"2017-07-05T08:36:50","slug":"volunteers","status":"publish","type":"page","link":"https:\/\/www.irht.fr\/en\/participate\/they-take-part\/volunteers\/","title":{"rendered":"Volunteers"},"content":{"rendered":"<p><img decoding=\"async\" src=\"https:\/\/www.irht.fr\/wp-inside\/uploads\/2017\/01\/tulipes-a-coeur-25-ans-de-generosite-sans-faille-1418013741-690x334.jpg\" alt=\"Tulipes \u00e0 c\u0153ur, Infarctus du Myocarde\" class=\"aligncenter size-large\" \/>Our 1,200 volunteers go into villages, markets, hospitals and alleys of the supermarket malls to sell the tulips of our Operation \u201cTulipes \u00e0 C\u0153ur\u201d. The benefits of the tulips sale have been (and still are) <strong>devoted to the more fundamental research that has led to our major therapeutic advances<\/strong>.<\/p>\n<p>By offering with sympathy to buy a bouquet of all beautiful and all fresh tulips, they allow us to move forward and help sick people.<\/p>\n<p>We would like to thank each of these volunteers as they all spend few hours, a day, and even for some of them, 3 full days of this action, sometimes since the Operation Tulipes start in 1990. Their help is therefore essential: without them Operation &#8220;Tulipes a C\u0153ur&#8221; would not be possible, and the success of this annual event is based on their strength of conviction.<\/p>\n<p>Obviously, each one of you is an indispensable element for our success:<strong> every bouquet bought represents hope to progress in the fight and the cure of diseases<\/strong> that are still among the leading causes of death worldwide: leukemia and other neighboring diseases, and myocardial infarction (&#8220;heart attacks&#8221;).<\/p>\n<p>You can also join them and join us in this great adventure that is our operation &#8220;Tulipes \u00e0 C\u0153ur&#8221; by becoming a volunteer. Everyone can participate in their own way and according to their means.<\/p>\n<p style=\"text-align: center;\"><a class=\"button button-padding\" href=\"https:\/\/www.irht.fr\/en\/participate\/take-part\/become-volunteer\/\">Become a volunteer<\/a><\/p>\n","protected":false},"excerpt":{"rendered":"<p>Our 1,200 volunteers go into villages, markets, hospitals and alleys of the supermarket malls to sell the tulips of our Operation \u201cTulipes \u00e0 C\u0153ur\u201d. The benefits of the tulips sale [&hellip;]<\/p>\n","protected":false},"author":2,"featured_media":0,"parent":370,"menu_order":10,"comment_status":"closed","ping_status":"closed","template":"","meta":{"_acf_changed":false,"footnotes":""},"class_list":["post-258","page","type-page","status-publish","hentry","wp-sticky"],"acf":[],"yoast_head":"<!-- This site is optimized with the Yoast SEO plugin v27.4 - https:\/\/yoast.com\/product\/yoast-seo-wordpress\/ -->\n<title>Volunteers<\/title>\n<meta name=\"description\" content=\"N&#039;h\u00e9sitez pas \u00e0 nous rejoindre dans cette aventure et faire partie des 1200 b\u00e9n\u00e9voles qui nous aident chaque ann\u00e9e \u00e0 progresser dans nos recherches !\" \/>\n<meta name=\"robots\" content=\"index, follow, max-snippet:-1, max-image-preview:large, max-video-preview:-1\" \/>\n<link rel=\"canonical\" href=\"https:\/\/www.irht.fr\/en\/participate\/they-take-part\/volunteers\/\" \/>\n<meta property=\"og:locale\" content=\"en_US\" \/>\n<meta property=\"og:type\" content=\"article\" \/>\n<meta property=\"og:title\" content=\"Volunteers\" \/>\n<meta property=\"og:description\" content=\"N&#039;h\u00e9sitez pas \u00e0 nous rejoindre dans cette aventure et faire partie des 1200 b\u00e9n\u00e9voles qui nous aident chaque ann\u00e9e \u00e0 progresser dans nos recherches !\" \/>\n<meta property=\"og:url\" content=\"https:\/\/www.irht.fr\/en\/participate\/they-take-part\/volunteers\/\" \/>\n<meta property=\"og:site_name\" content=\"IRHT\" \/>\n<meta property=\"article:modified_time\" content=\"2017-07-05T08:36:50+00:00\" \/>\n<meta property=\"og:image\" content=\"https:\/\/www.irht.fr\/wp-inside\/uploads\/2017\/01\/tulipes-a-coeur-25-ans-de-generosite-sans-faille-1418013741-690x334.jpg\" \/>\n<meta name=\"twitter:card\" content=\"summary_large_image\" \/>\n<meta name=\"twitter:label1\" content=\"Est. reading time\" \/>\n\t<meta name=\"twitter:data1\" content=\"1 minute\" \/>\n<script type=\"application\/ld+json\" class=\"yoast-schema-graph\">{\"@context\":\"https:\\\/\\\/schema.org\",\"@graph\":[{\"@type\":\"WebPage\",\"@id\":\"https:\\\/\\\/www.irht.fr\\\/en\\\/participate\\\/they-take-part\\\/volunteers\\\/\",\"url\":\"https:\\\/\\\/www.irht.fr\\\/en\\\/participate\\\/they-take-part\\\/volunteers\\\/\",\"name\":\"Volunteers\",\"isPartOf\":{\"@id\":\"https:\\\/\\\/www.irht.fr\\\/en\\\/#website\"},\"primaryImageOfPage\":{\"@id\":\"https:\\\/\\\/www.irht.fr\\\/en\\\/participate\\\/they-take-part\\\/volunteers\\\/#primaryimage\"},\"image\":{\"@id\":\"https:\\\/\\\/www.irht.fr\\\/en\\\/participate\\\/they-take-part\\\/volunteers\\\/#primaryimage\"},\"thumbnailUrl\":\"https:\\\/\\\/www.irht.fr\\\/wp-inside\\\/uploads\\\/2017\\\/01\\\/tulipes-a-coeur-25-ans-de-generosite-sans-faille-1418013741-690x334.jpg\",\"datePublished\":\"2017-01-23T17:30:26+00:00\",\"dateModified\":\"2017-07-05T08:36:50+00:00\",\"description\":\"N'h\u00e9sitez pas \u00e0 nous rejoindre dans cette aventure et faire partie des 1200 b\u00e9n\u00e9voles qui nous aident chaque ann\u00e9e \u00e0 progresser dans nos recherches !\",\"breadcrumb\":{\"@id\":\"https:\\\/\\\/www.irht.fr\\\/en\\\/participate\\\/they-take-part\\\/volunteers\\\/#breadcrumb\"},\"inLanguage\":\"en-US\",\"potentialAction\":[{\"@type\":\"ReadAction\",\"target\":[\"https:\\\/\\\/www.irht.fr\\\/en\\\/participate\\\/they-take-part\\\/volunteers\\\/\"]}]},{\"@type\":\"ImageObject\",\"inLanguage\":\"en-US\",\"@id\":\"https:\\\/\\\/www.irht.fr\\\/en\\\/participate\\\/they-take-part\\\/volunteers\\\/#primaryimage\",\"url\":\"https:\\\/\\\/www.irht.fr\\\/wp-inside\\\/uploads\\\/2017\\\/01\\\/tulipes-a-coeur-25-ans-de-generosite-sans-faille-1418013741-690x334.jpg\",\"contentUrl\":\"https:\\\/\\\/www.irht.fr\\\/wp-inside\\\/uploads\\\/2017\\\/01\\\/tulipes-a-coeur-25-ans-de-generosite-sans-faille-1418013741-690x334.jpg\"},{\"@type\":\"BreadcrumbList\",\"@id\":\"https:\\\/\\\/www.irht.fr\\\/en\\\/participate\\\/they-take-part\\\/volunteers\\\/#breadcrumb\",\"itemListElement\":[{\"@type\":\"ListItem\",\"position\":1,\"name\":\"Home\",\"item\":\"https:\\\/\\\/www.irht.fr\\\/en\\\/\"},{\"@type\":\"ListItem\",\"position\":2,\"name\":\"Participate\",\"item\":\"https:\\\/\\\/www.irht.fr\\\/en\\\/participate\\\/\"},{\"@type\":\"ListItem\",\"position\":3,\"name\":\"They take part\",\"item\":\"https:\\\/\\\/www.irht.fr\\\/en\\\/participate\\\/they-take-part\\\/\"},{\"@type\":\"ListItem\",\"position\":4,\"name\":\"Volunteers\"}]},{\"@type\":\"WebSite\",\"@id\":\"https:\\\/\\\/www.irht.fr\\\/en\\\/#website\",\"url\":\"https:\\\/\\\/www.irht.fr\\\/en\\\/\",\"name\":\"IRHT\",\"description\":\"Institute of Research in Hematology and Transplantation\",\"potentialAction\":[{\"@type\":\"SearchAction\",\"target\":{\"@type\":\"EntryPoint\",\"urlTemplate\":\"https:\\\/\\\/www.irht.fr\\\/en\\\/?s={search_term_string}\"},\"query-input\":{\"@type\":\"PropertyValueSpecification\",\"valueRequired\":true,\"valueName\":\"search_term_string\"}}],\"inLanguage\":\"en-US\"}]}<\/script>\n<!-- \/ Yoast SEO plugin. -->","yoast_head_json":{"title":"Volunteers","description":"N'h\u00e9sitez pas \u00e0 nous rejoindre dans cette aventure et faire partie des 1200 b\u00e9n\u00e9voles qui nous aident chaque ann\u00e9e \u00e0 progresser dans nos recherches !","robots":{"index":"index","follow":"follow","max-snippet":"max-snippet:-1","max-image-preview":"max-image-preview:large","max-video-preview":"max-video-preview:-1"},"canonical":"https:\/\/www.irht.fr\/en\/participate\/they-take-part\/volunteers\/","og_locale":"en_US","og_type":"article","og_title":"Volunteers","og_description":"N'h\u00e9sitez pas \u00e0 nous rejoindre dans cette aventure et faire partie des 1200 b\u00e9n\u00e9voles qui nous aident chaque ann\u00e9e \u00e0 progresser dans nos recherches !","og_url":"https:\/\/www.irht.fr\/en\/participate\/they-take-part\/volunteers\/","og_site_name":"IRHT","article_modified_time":"2017-07-05T08:36:50+00:00","og_image":[{"url":"https:\/\/www.irht.fr\/wp-inside\/uploads\/2017\/01\/tulipes-a-coeur-25-ans-de-generosite-sans-faille-1418013741-690x334.jpg","type":"","width":"","height":""}],"twitter_card":"summary_large_image","twitter_misc":{"Est. reading time":"1 minute"},"schema":{"@context":"https:\/\/schema.org","@graph":[{"@type":"WebPage","@id":"https:\/\/www.irht.fr\/en\/participate\/they-take-part\/volunteers\/","url":"https:\/\/www.irht.fr\/en\/participate\/they-take-part\/volunteers\/","name":"Volunteers","isPartOf":{"@id":"https:\/\/www.irht.fr\/en\/#website"},"primaryImageOfPage":{"@id":"https:\/\/www.irht.fr\/en\/participate\/they-take-part\/volunteers\/#primaryimage"},"image":{"@id":"https:\/\/www.irht.fr\/en\/participate\/they-take-part\/volunteers\/#primaryimage"},"thumbnailUrl":"https:\/\/www.irht.fr\/wp-inside\/uploads\/2017\/01\/tulipes-a-coeur-25-ans-de-generosite-sans-faille-1418013741-690x334.jpg","datePublished":"2017-01-23T17:30:26+00:00","dateModified":"2017-07-05T08:36:50+00:00","description":"N'h\u00e9sitez pas \u00e0 nous rejoindre dans cette aventure et faire partie des 1200 b\u00e9n\u00e9voles qui nous aident chaque ann\u00e9e \u00e0 progresser dans nos recherches !","breadcrumb":{"@id":"https:\/\/www.irht.fr\/en\/participate\/they-take-part\/volunteers\/#breadcrumb"},"inLanguage":"en-US","potentialAction":[{"@type":"ReadAction","target":["https:\/\/www.irht.fr\/en\/participate\/they-take-part\/volunteers\/"]}]},{"@type":"ImageObject","inLanguage":"en-US","@id":"https:\/\/www.irht.fr\/en\/participate\/they-take-part\/volunteers\/#primaryimage","url":"https:\/\/www.irht.fr\/wp-inside\/uploads\/2017\/01\/tulipes-a-coeur-25-ans-de-generosite-sans-faille-1418013741-690x334.jpg","contentUrl":"https:\/\/www.irht.fr\/wp-inside\/uploads\/2017\/01\/tulipes-a-coeur-25-ans-de-generosite-sans-faille-1418013741-690x334.jpg"},{"@type":"BreadcrumbList","@id":"https:\/\/www.irht.fr\/en\/participate\/they-take-part\/volunteers\/#breadcrumb","itemListElement":[{"@type":"ListItem","position":1,"name":"Home","item":"https:\/\/www.irht.fr\/en\/"},{"@type":"ListItem","position":2,"name":"Participate","item":"https:\/\/www.irht.fr\/en\/participate\/"},{"@type":"ListItem","position":3,"name":"They take part","item":"https:\/\/www.irht.fr\/en\/participate\/they-take-part\/"},{"@type":"ListItem","position":4,"name":"Volunteers"}]},{"@type":"WebSite","@id":"https:\/\/www.irht.fr\/en\/#website","url":"https:\/\/www.irht.fr\/en\/","name":"IRHT","description":"Institute of Research in Hematology and Transplantation","potentialAction":[{"@type":"SearchAction","target":{"@type":"EntryPoint","urlTemplate":"https:\/\/www.irht.fr\/en\/?s={search_term_string}"},"query-input":{"@type":"PropertyValueSpecification","valueRequired":true,"valueName":"search_term_string"}}],"inLanguage":"en-US"}]}},"_links":{"self":[{"href":"https:\/\/www.irht.fr\/en\/wp-json\/wp\/v2\/pages\/258","targetHints":{"allow":["GET"]}}],"collection":[{"href":"https:\/\/www.irht.fr\/en\/wp-json\/wp\/v2\/pages"}],"about":[{"href":"https:\/\/www.irht.fr\/en\/wp-json\/wp\/v2\/types\/page"}],"author":[{"embeddable":true,"href":"https:\/\/www.irht.fr\/en\/wp-json\/wp\/v2\/users\/2"}],"replies":[{"embeddable":true,"href":"https:\/\/www.irht.fr\/en\/wp-json\/wp\/v2\/comments?post=258"}],"version-history":[{"count":0,"href":"https:\/\/www.irht.fr\/en\/wp-json\/wp\/v2\/pages\/258\/revisions"}],"up":[{"embeddable":true,"href":"https:\/\/www.irht.fr\/en\/wp-json\/wp\/v2\/pages\/370"}],"wp:attachment":[{"href":"https:\/\/www.irht.fr\/en\/wp-json\/wp\/v2\/media?parent=258"}],"curies":[{"name":"wp","href":"https:\/\/api.w.org\/{rel}","templated":true}]}}